{"id":312,"date":"2015-01-28T11:32:38","date_gmt":"2015-01-28T10:32:38","guid":{"rendered":"http:\/\/agora.xtec.cat\/afacmeridiana\/?page_id=312"},"modified":"2025-10-14T18:36:38","modified_gmt":"2025-10-14T16:36:38","slug":"llengua-anglesa","status":"publish","type":"page","link":"https:\/\/agora.xtec.cat\/afacmeridiana\/ensenyaments\/ensenyaments-transprofessionals\/llengua-anglesa\/","title":{"rendered":"Llengua anglesa"},"content":{"rendered":"<p>La finalitat d&#8217;aquests cursos \u00e9s que els alumnes siguin capa\u00e7os de comunicar-se en llengua anglesa en situacions quotidianes i familiars senzilles. Que els aprenents pugin comprendre i produir textos breus, en llengua est\u00e0ndard que tractin sobre aspectes b\u00e0sics. Que al finalitzar el 3r Nivell d&#8217;aquests ensenyaments l&#8217;alumnat pugui comunicar-se de forma oral i escrita d&#8217;una manera b\u00e0sica.<\/p>\n<ul>\n<li><strong>Angl\u00e8s 1:<\/strong> Aquest nivell est\u00e0 adre\u00e7at a persones que desconeixen aquesta llengua i per tant volen iniciar-se en l&#8217;aprenentatge de la llengua anglesa. La finalitat d&#8217;aquest nivell \u00e9s formar parlants que siguin capa\u00e7os de comunicar-se en situacions quotidianes senzilles encaminades a satisfer les primeres necessitats.<\/li>\n<\/ul>\n<p>Si al finalitzar el curs l&#8217;aprenent ha obtingut la qualificaci\u00f3 d&#8217;Apte se li donar\u00e0 el certificat del nivell A1 del MEC (Marc Europeu Com\u00fa de Refer\u00e8ncia per a les lleng\u00fces).<\/p>\n<ul>\n<li><strong>Angl\u00e8s 2:<\/strong> Aquest curs est\u00e0 adre\u00e7at a aquelles persones que hagin superat l&#8217;angl\u00e8s 1 o b\u00e9 tenen un nivell similar per a poder seguir aquest nivell d&#8217;aprenentatge. La finalitat d&#8217;aquest curs \u00e9s refor\u00e7ar els coneixements que van adquirir en el primer nivell i iniciar-se en l&#8217;adquisici\u00f3 d&#8217;habilitats en llengua oral i escrita. La superaci\u00f3 d&#8217;aquest curs permet l&#8217;obtenci\u00f3 del nivell A.2.1 del Marc Europeu.<\/li>\n<li><strong>Angl\u00e8s 3:<\/strong> Durant aquest curs es consoliden els continguts del nivell A2 del Marc Europeu. Al superar aquest nivell s&#8217;obt\u00e9 el certificat del nivell A.2.2 que permetr\u00e0 a l&#8217;alumnat continuar estudiant aquesta llengua a l&#8217;Escola Oficial d&#8217;Idiomes.<\/li>\n<\/ul>\n<p>Durant aquest curs es pret\u00e9n que l&#8217;aprenent adquireixi les compet\u00e8ncies pr\u00f2pies de l&#8217;usuari b\u00e0sic. Al acabar el curs els alumnes han de ser capa\u00e7os de comprendre i utilitzar expressions habituals. Han de poder comunicar-se en situacions quotidianes amb un intercanvi d&#8217;informaci\u00f3 sobre temes habituals i han de poder descriure la seva experi\u00e8ncia i aspectes del seu entorn.<\/p>\n<p>Per a m\u00e9s informaci\u00f3 feu clic <a href=\"http:\/\/queestudiar.gencat.cat\/ca\/estudis\/adults\/estudis\/llengua-estrangera\/?p_id=2350&amp;estudi\">aqu\u00ed.<\/a><\/p>\n<p style=\"text-align: right;\">\n","protected":false},"excerpt":{"rendered":"<p>La finalitat d&#8217;aquests cursos \u00e9s que els alumnes siguin capa\u00e7os de comunicar-se en llengua anglesa en situacions quotidianes i familiars senzilles. Que els aprenents pugin comprendre i produir textos breus, en llengua est\u00e0ndard que tractin sobre aspectes b\u00e0sics. Que al finalitzar el 3r Nivell d&#8217;aquests ensenyaments l&#8217;alumnat pugui comunicar-se de forma oral i escrita d&#8217;una [&hellip;]<\/p>\n","protected":false},"author":1,"featured_media":0,"parent":286,"menu_order":0,"comment_status":"closed","ping_status":"closed","template":"","meta":{"_bbp_topic_count":0,"_bbp_reply_count":0,"_bbp_total_topic_count":0,"_bbp_total_reply_count":0,"_bbp_voice_count":0,"_bbp_anonymous_reply_count":0,"_bbp_topic_count_hidden":0,"_bbp_reply_count_hidden":0,"_bbp_forum_subforum_count":0,"site-sidebar-layout":"default","site-content-layout":"","ast-site-content-layout":"default","site-content-style":"default","site-sidebar-style":"default","ast-global-header-display":"","ast-banner-title-visibility":"","ast-main-header-display":"","ast-hfb-above-header-display":"","ast-hfb-below-header-display":"","ast-hfb-mobile-header-display":"","site-post-title":"","ast-breadcrumbs-content":"","ast-featured-img":"","footer-sml-layout":"","theme-transparent-header-meta":"","adv-header-id-meta":"","stick-header-meta":"","header-above-stick-meta":"","header-main-stick-meta":"","header-below-stick-meta":"","astra-migrate-meta-layouts":"set","ast-page-background-enabled":"default","ast-page-background-meta":{"desktop":{"background-color":"var(--ast-global-color-4)","background-image":"","background-repeat":"repeat","background-position":"center center","background-size":"auto","background-attachment":"scroll","background-type":"","background-media":"","overlay-type":"","overlay-color":"","overlay-opacity":"","overlay-gradient":""},"tablet":{"background-color":"","background-image":"","background-repeat":"repeat","background-position":"center center","background-size":"auto","background-attachment":"scroll","background-type":"","background-media":"","overlay-type":"","overlay-color":"","overlay-opacity":"","overlay-gradient":""},"mobile":{"background-color":"","background-image":"","background-repeat":"repeat","background-position":"center center","background-size":"auto","background-attachment":"scroll","background-type":"","background-media":"","overlay-type":"","overlay-color":"","overlay-opacity":"","overlay-gradient":""}},"ast-content-background-meta":{"desktop":{"background-color":"var(--ast-global-color-5)","background-image":"","background-repeat":"repeat","background-position":"center center","background-size":"auto","background-attachment":"scroll","background-type":"","background-media":"","overlay-type":"","overlay-color":"","overlay-opacity":"","overlay-gradient":""},"tablet":{"background-color":"var(--ast-global-color-5)","background-image":"","background-repeat":"repeat","background-position":"center center","background-size":"auto","background-attachment":"scroll","background-type":"","background-media":"","overlay-type":"","overlay-color":"","overlay-opacity":"","overlay-gradient":""},"mobile":{"background-color":"var(--ast-global-color-5)","background-image":"","background-repeat":"repeat","background-position":"center center","background-size":"auto","background-attachment":"scroll","background-type":"","background-media":"","overlay-type":"","overlay-color":"","overlay-opacity":"","overlay-gradient":""}},"footnotes":""},"class_list":["post-312","page","type-page","status-publish","hentry"],"post_mailing_queue_ids":[],"_links":{"self":[{"href":"https:\/\/agora.xtec.cat\/afacmeridiana\/wp-json\/wp\/v2\/pages\/312","targetHints":{"allow":["GET"]}}],"collection":[{"href":"https:\/\/agora.xtec.cat\/afacmeridiana\/wp-json\/wp\/v2\/pages"}],"about":[{"href":"https:\/\/agora.xtec.cat\/afacmeridiana\/wp-json\/wp\/v2\/types\/page"}],"author":[{"embeddable":true,"href":"https:\/\/agora.xtec.cat\/afacmeridiana\/wp-json\/wp\/v2\/users\/1"}],"replies":[{"embeddable":true,"href":"https:\/\/agora.xtec.cat\/afacmeridiana\/wp-json\/wp\/v2\/comments?post=312"}],"version-history":[{"count":4,"href":"https:\/\/agora.xtec.cat\/afacmeridiana\/wp-json\/wp\/v2\/pages\/312\/revisions"}],"predecessor-version":[{"id":1597,"href":"https:\/\/agora.xtec.cat\/afacmeridiana\/wp-json\/wp\/v2\/pages\/312\/revisions\/1597"}],"up":[{"embeddable":true,"href":"https:\/\/agora.xtec.cat\/afacmeridiana\/wp-json\/wp\/v2\/pages\/286"}],"wp:attachment":[{"href":"https:\/\/agora.xtec.cat\/afacmeridiana\/wp-json\/wp\/v2\/media?parent=312"}],"curies":[{"name":"wp","href":"https:\/\/api.w.org\/{rel}","templated":true}]}}