{"id":296,"date":"2015-01-28T11:18:08","date_gmt":"2015-01-28T10:18:08","guid":{"rendered":"http:\/\/agora.xtec.cat\/afacmeridiana\/?page_id=296"},"modified":"2025-10-14T18:35:42","modified_gmt":"2025-10-14T16:35:42","slug":"llengua-catalana","status":"publish","type":"page","link":"https:\/\/agora.xtec.cat\/afacmeridiana\/ensenyaments\/ensenyaments-inicials-i-formacio-basica\/llengua-catalana\/","title":{"rendered":"Llengua catalana"},"content":{"rendered":"<p>Aquests cursos tenen com a objectiu que els alumnes assoleixin una\u00a0 compet\u00e8ncia adequada per a comunicar-se en llengua catalana. Aquests ensenyament es fa en tres Nivells: Catal\u00e0 1,2,3. Aquests nivells corresponent als seg\u00fcents nivells de compet\u00e8ncia A1, A2 i B1 del MECR (Marc Europeu Com\u00fa de Refer\u00e8ncia per a les Lleng\u00fces).<\/p>\n<ul>\n<li>\n<h4><strong>Catal\u00e0 1<\/strong><\/h4>\n<\/li>\n<\/ul>\n<p>Aquest curs est\u00e0 adre\u00e7at a totes aquelles persones amb desconeixement de la llengua catalana. T\u00e9 com a objectiu prioritari adquirir les habilitats adients en comprensi\u00f3 i expressi\u00f3 orals, amb la finalitat que adquireixi un vocabulari i unes eines b\u00e0siques de comunicaci\u00f3 relacionades en aquelles necessitats fonamentals de la vida quotidiana. En obtenir la qualificaci\u00f3 d&#8217;Apte, permet promocionar al nivell 2 i obtenir el Certificat del nivell A1.<\/p>\n<p>Tots aquest cursos tenen una durada anual i s\u00f3n cursos presencials.<\/p>\n<ul>\n<li>\n<h4><strong>Catal\u00e0 2<\/strong><\/h4>\n<\/li>\n<\/ul>\n<p>Est\u00e0 adre\u00e7at a aquelles persones que han superat el Catal\u00e0 1 o b\u00e9 tenen un nivell similar. Es correspon amb el nivell d&#8217;usuari b\u00e0sic A2 d&#8217;acord amb el MECR. En aquest nivell es\u00a0 treballen les habilitats de comprensi\u00f3 i expressi\u00f3 orals i tamb\u00e9 escrites que permetran a l&#8217;alumne fer front a diferents situacions de la vida quotidiana i l&#8217;\u00e0mbit professional. Si al acabar el curs s&#8217;obt\u00e9 la qualificaci\u00f3 d&#8217;Apte, permet la promoci\u00f3 al nivell 3 i obtenir el Certificat del nivell A2.<\/p>\n<ul>\n<li>\n<h4><strong>Catal\u00e0 3<\/strong><\/h4>\n<\/li>\n<\/ul>\n<p>T\u00e9 com a finalitat que l&#8217;alumne pugui expressar-se amb una certa flu\u00efdesa tant de forma oral com escrita en diferents situacions de la vida quotidiana i laboral. Si l&#8217;alumne a l&#8217;acabar el curs obt\u00e9 la qualificaci\u00f3 d&#8217;Apte se li donar\u00e0 el Certificat del nivell B1.<\/p>\n<p>Per a m\u00e9s informaci\u00f3 feu clic <a href=\"http:\/\/queestudiar.gencat.cat\/ca\/estudis\/adults\/estudis\/llengua-catalana\/?p_id=2331&amp;estudi\">aqu\u00ed<\/a><\/p>\n","protected":false},"excerpt":{"rendered":"<p>Aquests cursos tenen com a objectiu que els alumnes assoleixin una\u00a0 compet\u00e8ncia adequada per a comunicar-se en llengua catalana. Aquests ensenyament es fa en tres Nivells: Catal\u00e0 1,2,3. Aquests nivells corresponent als seg\u00fcents nivells de compet\u00e8ncia A1, A2 i B1 del MECR (Marc Europeu Com\u00fa de Refer\u00e8ncia per a les Lleng\u00fces). Catal\u00e0 1 Aquest curs [&hellip;]<\/p>\n","protected":false},"author":1,"featured_media":0,"parent":283,"menu_order":0,"comment_status":"closed","ping_status":"closed","template":"","meta":{"_bbp_topic_count":0,"_bbp_reply_count":0,"_bbp_total_topic_count":0,"_bbp_total_reply_count":0,"_bbp_voice_count":0,"_bbp_anonymous_reply_count":0,"_bbp_topic_count_hidden":0,"_bbp_reply_count_hidden":0,"_bbp_forum_subforum_count":0,"site-sidebar-layout":"default","site-content-layout":"","ast-site-content-layout":"default","site-content-style":"default","site-sidebar-style":"default","ast-global-header-display":"","ast-banner-title-visibility":"","ast-main-header-display":"","ast-hfb-above-header-display":"","ast-hfb-below-header-display":"","ast-hfb-mobile-header-display":"","site-post-title":"","ast-breadcrumbs-content":"","ast-featured-img":"","footer-sml-layout":"","theme-transparent-header-meta":"","adv-header-id-meta":"","stick-header-meta":"","header-above-stick-meta":"","header-main-stick-meta":"","header-below-stick-meta":"","astra-migrate-meta-layouts":"set","ast-page-background-enabled":"default","ast-page-background-meta":{"desktop":{"background-color":"var(--ast-global-color-4)","background-image":"","background-repeat":"repeat","background-position":"center center","background-size":"auto","background-attachment":"scroll","background-type":"","background-media":"","overlay-type":"","overlay-color":"","overlay-opacity":"","overlay-gradient":""},"tablet":{"background-color":"","background-image":"","background-repeat":"repeat","background-position":"center center","background-size":"auto","background-attachment":"scroll","background-type":"","background-media":"","overlay-type":"","overlay-color":"","overlay-opacity":"","overlay-gradient":""},"mobile":{"background-color":"","background-image":"","background-repeat":"repeat","background-position":"center center","background-size":"auto","background-attachment":"scroll","background-type":"","background-media":"","overlay-type":"","overlay-color":"","overlay-opacity":"","overlay-gradient":""}},"ast-content-background-meta":{"desktop":{"background-color":"var(--ast-global-color-5)","background-image":"","background-repeat":"repeat","background-position":"center center","background-size":"auto","background-attachment":"scroll","background-type":"","background-media":"","overlay-type":"","overlay-color":"","overlay-opacity":"","overlay-gradient":""},"tablet":{"background-color":"var(--ast-global-color-5)","background-image":"","background-repeat":"repeat","background-position":"center center","background-size":"auto","background-attachment":"scroll","background-type":"","background-media":"","overlay-type":"","overlay-color":"","overlay-opacity":"","overlay-gradient":""},"mobile":{"background-color":"var(--ast-global-color-5)","background-image":"","background-repeat":"repeat","background-position":"center center","background-size":"auto","background-attachment":"scroll","background-type":"","background-media":"","overlay-type":"","overlay-color":"","overlay-opacity":"","overlay-gradient":""}},"footnotes":""},"class_list":["post-296","page","type-page","status-publish","hentry"],"post_mailing_queue_ids":[],"_links":{"self":[{"href":"https:\/\/agora.xtec.cat\/afacmeridiana\/wp-json\/wp\/v2\/pages\/296","targetHints":{"allow":["GET"]}}],"collection":[{"href":"https:\/\/agora.xtec.cat\/afacmeridiana\/wp-json\/wp\/v2\/pages"}],"about":[{"href":"https:\/\/agora.xtec.cat\/afacmeridiana\/wp-json\/wp\/v2\/types\/page"}],"author":[{"embeddable":true,"href":"https:\/\/agora.xtec.cat\/afacmeridiana\/wp-json\/wp\/v2\/users\/1"}],"replies":[{"embeddable":true,"href":"https:\/\/agora.xtec.cat\/afacmeridiana\/wp-json\/wp\/v2\/comments?post=296"}],"version-history":[{"count":4,"href":"https:\/\/agora.xtec.cat\/afacmeridiana\/wp-json\/wp\/v2\/pages\/296\/revisions"}],"predecessor-version":[{"id":1595,"href":"https:\/\/agora.xtec.cat\/afacmeridiana\/wp-json\/wp\/v2\/pages\/296\/revisions\/1595"}],"up":[{"embeddable":true,"href":"https:\/\/agora.xtec.cat\/afacmeridiana\/wp-json\/wp\/v2\/pages\/283"}],"wp:attachment":[{"href":"https:\/\/agora.xtec.cat\/afacmeridiana\/wp-json\/wp\/v2\/media?parent=296"}],"curies":[{"name":"wp","href":"https:\/\/api.w.org\/{rel}","templated":true}]}}