{"id":21,"date":"2014-09-17T16:14:14","date_gmt":"2014-09-17T16:14:14","guid":{"rendered":"http:\/\/agora.xtec.cat\/afacmeridiana\/?page_id=21"},"modified":"2021-04-28T11:31:57","modified_gmt":"2021-04-28T09:31:57","slug":"on-som","status":"publish","type":"page","link":"https:\/\/agora.xtec.cat\/afacmeridiana\/el-centre\/on-som\/","title":{"rendered":"On som"},"content":{"rendered":"<p style=\"color: #666666;\"><strong>AFA Ciutat Meridiana<\/strong><br \/>\nCarrer Perafita, 1-3<br \/>\n08033 Barcelona<\/p>\n<p style=\"color: #666666;\">Tel. 93 359 45 66<br \/>\na8062109@xtec.cat<\/p>\n<p><a href=\"https:\/\/www.google.com\/maps\/place\/Carrer+de+Perafita,+1,+08033+Barcelona\/@41.4591387,2.1693758,17z\/data=!3m1!4b1!4m5!3m4!1s0x12a4bd09cb950401:0xbb18b1009b60a195!8m2!3d41.4591347!4d2.1715645\">Localitzaci\u00f3 en Google maps<\/a><\/p>\n<p><strong>Com arribar-hi:<br \/>\n<\/strong><\/p>\n<ul>\n<li>En tren: Estaci\u00f3 Torre Bar\u00f3 l\u00ednia 3-4<\/li>\n<li>En bus: L\u00ednies 62 i 76<\/li>\n<li>En metro: L\u00ednia 11 parada Ciutat Meridiana<\/li>\n<\/ul>\n","protected":false},"excerpt":{"rendered":"<p>AFA Ciutat Meridiana Carrer Perafita, 1-3 08033 Barcelona Tel. 93 359 45 66 a8062109@xtec.cat Localitzaci\u00f3 en Google maps Com arribar-hi: En tren: Estaci\u00f3 Torre Bar\u00f3 l\u00ednia 3-4 En bus: L\u00ednies 62 i 76 En metro: L\u00ednia 11 parada Ciutat Meridiana<\/p>\n","protected":false},"author":1,"featured_media":0,"parent":261,"menu_order":10,"comment_status":"closed","ping_status":"closed","template":"page-templates\/side-menu.php","meta":{"_bbp_topic_count":0,"_bbp_reply_count":0,"_bbp_total_topic_count":0,"_bbp_total_reply_count":0,"_bbp_voice_count":0,"_bbp_anonymous_reply_count":0,"_bbp_topic_count_hidden":0,"_bbp_reply_count_hidden":0,"_bbp_forum_subforum_count":0,"site-sidebar-layout":"default","site-content-layout":"","ast-site-content-layout":"","site-content-style":"default","site-sidebar-style":"default","ast-global-header-display":"","ast-banner-title-visibility":"","ast-main-header-display":"","ast-hfb-above-header-display":"","ast-hfb-below-header-display":"","ast-hfb-mobile-header-display":"","site-post-title":"","ast-breadcrumbs-content":"","ast-featured-img":"","footer-sml-layout":"","theme-transparent-header-meta":"","adv-header-id-meta":"","stick-header-meta":"","header-above-stick-meta":"","header-main-stick-meta":"","header-below-stick-meta":"","astra-migrate-meta-layouts":"default","ast-page-background-enabled":"default","ast-page-background-meta":{"desktop":{"background-color":"var(--ast-global-color-4)","background-image":"","background-repeat":"repeat","background-position":"center center","background-size":"auto","background-attachment":"scroll","background-type":"","background-media":"","overlay-type":"","overlay-color":"","overlay-opacity":"","overlay-gradient":""},"tablet":{"background-color":"","background-image":"","background-repeat":"repeat","background-position":"center center","background-size":"auto","background-attachment":"scroll","background-type":"","background-media":"","overlay-type":"","overlay-color":"","overlay-opacity":"","overlay-gradient":""},"mobile":{"background-color":"","background-image":"","background-repeat":"repeat","background-position":"center center","background-size":"auto","background-attachment":"scroll","background-type":"","background-media":"","overlay-type":"","overlay-color":"","overlay-opacity":"","overlay-gradient":""}},"ast-content-background-meta":{"desktop":{"background-color":"var(--ast-global-color-5)","background-image":"","background-repeat":"repeat","background-position":"center center","background-size":"auto","background-attachment":"scroll","background-type":"","background-media":"","overlay-type":"","overlay-color":"","overlay-opacity":"","overlay-gradient":""},"tablet":{"background-color":"var(--ast-global-color-5)","background-image":"","background-repeat":"repeat","background-position":"center center","background-size":"auto","background-attachment":"scroll","background-type":"","background-media":"","overlay-type":"","overlay-color":"","overlay-opacity":"","overlay-gradient":""},"mobile":{"background-color":"var(--ast-global-color-5)","background-image":"","background-repeat":"repeat","background-position":"center center","background-size":"auto","background-attachment":"scroll","background-type":"","background-media":"","overlay-type":"","overlay-color":"","overlay-opacity":"","overlay-gradient":""}},"footnotes":""},"class_list":["post-21","page","type-page","status-publish","hentry"],"post_mailing_queue_ids":[],"_links":{"self":[{"href":"https:\/\/agora.xtec.cat\/afacmeridiana\/wp-json\/wp\/v2\/pages\/21","targetHints":{"allow":["GET"]}}],"collection":[{"href":"https:\/\/agora.xtec.cat\/afacmeridiana\/wp-json\/wp\/v2\/pages"}],"about":[{"href":"https:\/\/agora.xtec.cat\/afacmeridiana\/wp-json\/wp\/v2\/types\/page"}],"author":[{"embeddable":true,"href":"https:\/\/agora.xtec.cat\/afacmeridiana\/wp-json\/wp\/v2\/users\/1"}],"replies":[{"embeddable":true,"href":"https:\/\/agora.xtec.cat\/afacmeridiana\/wp-json\/wp\/v2\/comments?post=21"}],"version-history":[{"count":3,"href":"https:\/\/agora.xtec.cat\/afacmeridiana\/wp-json\/wp\/v2\/pages\/21\/revisions"}],"predecessor-version":[{"id":755,"href":"https:\/\/agora.xtec.cat\/afacmeridiana\/wp-json\/wp\/v2\/pages\/21\/revisions\/755"}],"up":[{"embeddable":true,"href":"https:\/\/agora.xtec.cat\/afacmeridiana\/wp-json\/wp\/v2\/pages\/261"}],"wp:attachment":[{"href":"https:\/\/agora.xtec.cat\/afacmeridiana\/wp-json\/wp\/v2\/media?parent=21"}],"curies":[{"name":"wp","href":"https:\/\/api.w.org\/{rel}","templated":true}]}}