{"id":1004,"date":"2023-05-09T19:02:00","date_gmt":"2023-05-09T17:02:00","guid":{"rendered":"https:\/\/agora.xtec.cat\/afacmeridiana\/?page_id=1004"},"modified":"2023-05-30T15:22:33","modified_gmt":"2023-05-30T13:22:33","slug":"cultura-digital","status":"publish","type":"page","link":"https:\/\/agora.xtec.cat\/afacmeridiana\/estrategia-digital-de-centre\/cultura-digital\/","title":{"rendered":"Cultura Digital"},"content":{"rendered":"<p><strong>Alumnat<\/strong><br \/>\nEs tenen a disposici\u00f3 ordinadors en l&#8217;aula d&#8217;inform\u00e0tica i l&#8217;alumnat t\u00e9 acc\u00e9s a internet i a ordinadors individuals a la biblioteca del centre sempre que ho demanin, a m\u00e9s a m\u00e9s es fan servir pissarres digitals i projectors en diverses aules. Tamb\u00e9 es treballa per mitj\u00e0 d&#8217;aula virtual (Moodle) en determinats grups.<\/p>\n<p><strong>Gesti\u00f3 interna del Centre<\/strong><br \/>\nEl professorat i el PAS es comuniquen internament amb mitjans digitals (correu electr\u00f2nic, n\u00favol&#8230;) per millorar el proc\u00e9s d&#8217;ensenyament i els serveis a disposici\u00f3 de la comunitat escolar.<\/p>\n<p><strong>Comunicaci\u00f3 externa<\/strong><br \/>\nL&#8217;AFA Ciutat Meridiana t\u00e9 la seva pr\u00f2pia p\u00e0gina web, amb les informacions m\u00e9s rellevants del centre, tamb\u00e9 estem presents en xarxes socials (compte de Twitter, Instagram, Facebook, etc.). L&#8217;Escola mant\u00e9 contactes amb diferents entitats del barri per donar un millor servei i informaci\u00f3 a la ciutadania.<\/p>\n","protected":false},"excerpt":{"rendered":"<p>Alumnat Es tenen a disposici\u00f3 ordinadors en l&#8217;aula d&#8217;inform\u00e0tica i l&#8217;alumnat t\u00e9 acc\u00e9s a internet i a ordinadors individuals a la biblioteca del centre sempre que ho demanin, a m\u00e9s a m\u00e9s es fan servir pissarres digitals i projectors en diverses aules. Tamb\u00e9 es treballa per mitj\u00e0 d&#8217;aula virtual (Moodle) en determinats grups. Gesti\u00f3 interna [&hellip;]<\/p>\n","protected":false},"author":1,"featured_media":0,"parent":996,"menu_order":20,"comment_status":"closed","ping_status":"closed","template":"page-templates\/side-menu.php","meta":{"_bbp_topic_count":0,"_bbp_reply_count":0,"_bbp_total_topic_count":0,"_bbp_total_reply_count":0,"_bbp_voice_count":0,"_bbp_anonymous_reply_count":0,"_bbp_topic_count_hidden":0,"_bbp_reply_count_hidden":0,"_bbp_forum_subforum_count":0,"site-sidebar-layout":"default","site-content-layout":"","ast-site-content-layout":"","site-content-style":"default","site-sidebar-style":"default","ast-global-header-display":"","ast-banner-title-visibility":"","ast-main-header-display":"","ast-hfb-above-header-display":"","ast-hfb-below-header-display":"","ast-hfb-mobile-header-display":"","site-post-title":"","ast-breadcrumbs-content":"","ast-featured-img":"","footer-sml-layout":"","theme-transparent-header-meta":"","adv-header-id-meta":"","stick-header-meta":"","header-above-stick-meta":"","header-main-stick-meta":"","header-below-stick-meta":"","astra-migrate-meta-layouts":"default","ast-page-background-enabled":"default","ast-page-background-meta":{"desktop":{"background-color":"var(--ast-global-color-4)","background-image":"","background-repeat":"repeat","background-position":"center center","background-size":"auto","background-attachment":"scroll","background-type":"","background-media":"","overlay-type":"","overlay-color":"","overlay-opacity":"","overlay-gradient":""},"tablet":{"background-color":"","background-image":"","background-repeat":"repeat","background-position":"center center","background-size":"auto","background-attachment":"scroll","background-type":"","background-media":"","overlay-type":"","overlay-color":"","overlay-opacity":"","overlay-gradient":""},"mobile":{"background-color":"","background-image":"","background-repeat":"repeat","background-position":"center center","background-size":"auto","background-attachment":"scroll","background-type":"","background-media":"","overlay-type":"","overlay-color":"","overlay-opacity":"","overlay-gradient":""}},"ast-content-background-meta":{"desktop":{"background-color":"var(--ast-global-color-5)","background-image":"","background-repeat":"repeat","background-position":"center center","background-size":"auto","background-attachment":"scroll","background-type":"","background-media":"","overlay-type":"","overlay-color":"","overlay-opacity":"","overlay-gradient":""},"tablet":{"background-color":"var(--ast-global-color-5)","background-image":"","background-repeat":"repeat","background-position":"center center","background-size":"auto","background-attachment":"scroll","background-type":"","background-media":"","overlay-type":"","overlay-color":"","overlay-opacity":"","overlay-gradient":""},"mobile":{"background-color":"var(--ast-global-color-5)","background-image":"","background-repeat":"repeat","background-position":"center center","background-size":"auto","background-attachment":"scroll","background-type":"","background-media":"","overlay-type":"","overlay-color":"","overlay-opacity":"","overlay-gradient":""}},"footnotes":""},"class_list":["post-1004","page","type-page","status-publish","hentry"],"post_mailing_queue_ids":[],"_links":{"self":[{"href":"https:\/\/agora.xtec.cat\/afacmeridiana\/wp-json\/wp\/v2\/pages\/1004","targetHints":{"allow":["GET"]}}],"collection":[{"href":"https:\/\/agora.xtec.cat\/afacmeridiana\/wp-json\/wp\/v2\/pages"}],"about":[{"href":"https:\/\/agora.xtec.cat\/afacmeridiana\/wp-json\/wp\/v2\/types\/page"}],"author":[{"embeddable":true,"href":"https:\/\/agora.xtec.cat\/afacmeridiana\/wp-json\/wp\/v2\/users\/1"}],"replies":[{"embeddable":true,"href":"https:\/\/agora.xtec.cat\/afacmeridiana\/wp-json\/wp\/v2\/comments?post=1004"}],"version-history":[{"count":3,"href":"https:\/\/agora.xtec.cat\/afacmeridiana\/wp-json\/wp\/v2\/pages\/1004\/revisions"}],"predecessor-version":[{"id":1046,"href":"https:\/\/agora.xtec.cat\/afacmeridiana\/wp-json\/wp\/v2\/pages\/1004\/revisions\/1046"}],"up":[{"embeddable":true,"href":"https:\/\/agora.xtec.cat\/afacmeridiana\/wp-json\/wp\/v2\/pages\/996"}],"wp:attachment":[{"href":"https:\/\/agora.xtec.cat\/afacmeridiana\/wp-json\/wp\/v2\/media?parent=1004"}],"curies":[{"name":"wp","href":"https:\/\/api.w.org\/{rel}","templated":true}]}}