{"id":662,"date":"2017-11-28T13:13:34","date_gmt":"2017-11-28T12:13:34","guid":{"rendered":"http:\/\/agora.xtec.cat\/afaalarona\/?page_id=662"},"modified":"2024-05-22T10:31:00","modified_gmt":"2024-05-22T08:31:00","slug":"informacions-i-documents","status":"publish","type":"page","link":"https:\/\/agora.xtec.cat\/afaalarona\/informacions-i-documents\/","title":{"rendered":"Informacions i documents"},"content":{"rendered":"<ul>\n<li style=\"list-style-type: none;\">\n<ul>\n<li>\n<h5><strong>Prova d&#8217;acc\u00e9s als cicles de grau mitj\u00e0<\/strong><span style=\"font-family: inherit; font-size: 1em;\">.\u00a0<\/span><strong style=\"font-family: inherit; font-size: 1em;\"><a href=\"https:\/\/triaeducativa.gencat.cat\/ca\/cursos-acces-cicles\/curs-preparacio-proves-gm\/\" target=\"_blank\" rel=\"noopener\">Informaci\u00f3 del curs<\/a><\/strong><\/h5>\n<\/li>\n<li>\n<h5><strong>Preinscripci\u00f3 i matr\u00edcula.<\/strong><\/h5>\n<ul>\n<li><a href=\"https:\/\/preinscripcio.gencat.cat\/ca\/estudis\/educacio-adults\/inici\/\" target=\"_blank\" rel=\"noopener\"><strong>Informaci\u00f3 del proc\u00e9s de preisncripci\u00f3 i matr\u00edcula<\/strong><\/a><\/li>\n<li><strong><a href=\"https:\/\/drive.google.com\/file\/d\/17ntjZOdH4p_4ItPvW9CSqJ66wqhj7-ZQ\/view?usp=sharing\" target=\"_blank\" rel=\"noopener\">Full de preinscripci\u00f3<\/a><\/strong><\/li>\n<li><strong><a href=\"https:\/\/docs.google.com\/document\/d\/1Df7SUWHllnNEtJZnA8QLePA4Znm426NO\/edit?usp=sharing&amp;ouid=109622053508121799689&amp;rtpof=true&amp;sd=true\" target=\"_blank\" rel=\"noopener\">Full de pagament<\/a><\/strong><\/li>\n<li><strong><a href=\"https:\/\/drive.google.com\/file\/d\/1NBL6pJ1KS0ZemvcmiMIXiua7Zypoq-Dn\/view?usp=sharing\" target=\"_blank\" rel=\"noopener\">Autoritzaci\u00f3 dels drets d&#8217;imatge<\/a><\/strong><\/li>\n<\/ul>\n<\/li>\n<li>\n<h5><strong>Calendari general del curs<\/strong>.\u00a0<strong><a href=\"https:\/\/drive.google.com\/file\/d\/1fyoYq6m6Rgznf_hQ3Ms9_6ocdWaNK1Mc\/view?usp=sharing\" target=\"_blank\" rel=\"noopener noreferrer\">Calendari del curs escolar 23\/24<\/a><\/strong><\/h5>\n<\/li>\n<li>\n<h5><strong>Horaris dels ensenyaments<\/strong>. <strong><a href=\"https:\/\/drive.google.com\/file\/d\/1nMA5rj9snCIo6wSWZpi3gs58zg_VNzHK\/view?usp=sharing\" target=\"_blank\" rel=\"noopener noreferrer\">HORARIS GENERALS 23\/24<\/a><\/strong><\/h5>\n<\/li>\n<\/ul>\n<\/li>\n<\/ul>\n","protected":false},"excerpt":{"rendered":"<ul>\n<li style=\"list-style-type: none;\">\n<ul>\n<li>\nProva d&#8217;acc\u00e9s als cicles de grau mitj\u00e0.\u00a0<a href=\"https:\/\/triaeducativa.gencat.cat\/ca\/cursos-acces-cicles\/curs-preparacio-proves-gm\/\" target=\"_blank\" rel=\"noopener\">Informaci\u00f3 del curs<\/a>\n<\/li>\n<li>\nPreinscripci\u00f3 i matr\u00edcula.<\/p>\n<ul>\n<li><a href=\"https:\/\/preinscripcio.gencat.cat\/ca\/estudis\/educacio-adults\/inici\/\" target=\"_blank\" rel=\"noopener\">Informaci\u00f3 del proc\u00e9s de preisncripci\u00f3 i matr\u00edcula<\/a><\/li>\n<li><a href=\"https:\/\/drive.google.com\/file\/d\/17ntjZOdH4p_4ItPvW9CSqJ66wqhj7-ZQ\/view?usp=sharing\" target=\"_blank\" rel=\"noopener\">Full de preinscripci\u00f3<\/a><\/li>\n<li><a href=\"https:\/\/docs.google.com\/document\/d\/1Df7SUWHllnNEtJZnA8QLePA4Znm426NO\/edit?usp=sharing&amp;ouid=109622053508121799689&amp;rtpof=true&amp;sd=true\" target=\"_blank\" rel=\"noopener\">Full de pagament<\/a><\/li>\n<li><a href=\"https:\/\/drive.google.com\/file\/d\/1NBL6pJ1KS0ZemvcmiMIXiua7Zypoq-Dn\/view?usp=sharing\" target=\"_blank\" rel=\"noopener\">Autoritzaci\u00f3 dels drets d&#8217;imatge<\/a><\/li>\n<\/ul>\n<\/li>\n<li>\nCalendari general del curs.\u00a0<a href=\"https:\/\/drive.google.com\/file\/d\/1fyoYq6m6Rgznf_hQ3Ms9_6ocdWaNK1Mc\/view?usp=sharing\"&hellip;  <a href=\"https:\/\/agora.xtec.cat\/afaalarona\/informacions-i-documents\/\" title=\"Read Informacions i documents\">Llegeix m\u00e9s\u00bb<\/a><\/p>\n","protected":false},"author":1,"featured_media":0,"parent":0,"menu_order":0,"comment_status":"closed","ping_status":"closed","template":"","meta":{"_bbp_topic_count":0,"_bbp_reply_count":0,"_bbp_total_topic_count":0,"_bbp_total_reply_count":0,"_bbp_voice_count":0,"_bbp_anonymous_reply_count":0,"_bbp_topic_count_hidden":0,"_bbp_reply_count_hidden":0,"_bbp_forum_subforum_count":0,"footnotes":""},"class_list":["post-662","page","type-page","status-publish","hentry"],"post_mailing_queue_ids":[],"_links":{"self":[{"href":"https:\/\/agora.xtec.cat\/afaalarona\/wp-json\/wp\/v2\/pages\/662","targetHints":{"allow":["GET"]}}],"collection":[{"href":"https:\/\/agora.xtec.cat\/afaalarona\/wp-json\/wp\/v2\/pages"}],"about":[{"href":"https:\/\/agora.xtec.cat\/afaalarona\/wp-json\/wp\/v2\/types\/page"}],"author":[{"embeddable":true,"href":"https:\/\/agora.xtec.cat\/afaalarona\/wp-json\/wp\/v2\/users\/1"}],"replies":[{"embeddable":true,"href":"https:\/\/agora.xtec.cat\/afaalarona\/wp-json\/wp\/v2\/comments?post=662"}],"version-history":[{"count":6,"href":"https:\/\/agora.xtec.cat\/afaalarona\/wp-json\/wp\/v2\/pages\/662\/revisions"}],"predecessor-version":[{"id":1592,"href":"https:\/\/agora.xtec.cat\/afaalarona\/wp-json\/wp\/v2\/pages\/662\/revisions\/1592"}],"wp:attachment":[{"href":"https:\/\/agora.xtec.cat\/afaalarona\/wp-json\/wp\/v2\/media?parent=662"}],"curies":[{"name":"wp","href":"https:\/\/api.w.org\/{rel}","templated":true}]}}