{"id":316,"date":"2015-01-28T11:33:51","date_gmt":"2015-01-28T10:33:51","guid":{"rendered":"http:\/\/agora.xtec.cat\/afaalarona\/?page_id=316"},"modified":"2021-10-28T19:47:49","modified_gmt":"2021-10-28T17:47:49","slug":"competencia-digital-competic","status":"publish","type":"page","link":"https:\/\/agora.xtec.cat\/afaalarona\/ensenyaments\/ensenyaments-transprofessionals\/competencia-digital-competic\/","title":{"rendered":"Compet\u00e8ncia digital COMPETIC"},"content":{"rendered":"<p><span style=\"font-size: medium;\">S&#8217;ofereixen els quatre cursos: COMPETIC Inicial, COMPETIC 1, COMPETIC 2 i COMPETIC 3.<\/span><span style=\"font-size: medium;\"><br \/>\n<b><br \/>\n<\/b><\/span><span style=\"font-size: medium;\"><b>COMPETIC\u00a0Inicial (105\u00a0hores):\u00a0<\/b><\/span><\/p>\n<p>T\u00e9 com a objectiu facilitar l\u2019adquisici\u00f3 de les compet\u00e8ncies m\u00ednimes i els conceptes b\u00e0sics en tecnologies de la informaci\u00f3 i la comunicaci\u00f3 per desenvolupar-se en la societat actual.<br \/>\nS\u2019adre\u00e7a a persones amb pocs coneixements de les tecnologies de la informaci\u00f3.<\/p>\n<p>Recull tres compet\u00e8ncies:<\/p>\n<p><span style=\"font-size: medium;\">\u2022 Tecnologia digital, \u00fas de l&#8217;ordinador i del sistema operatiu.<br \/>\n\u2022 Tractament de la informaci\u00f3 escrita.<br \/>\n\u2022 Navegaci\u00f3 i comunicaci\u00f3 en el m\u00f3n digital.<\/span><\/p>\n<p><span style=\"font-size: medium;\"><b>COMPETIC\u00a01\u00a0<\/b><\/span><span style=\"font-size: medium;\"><b>(105\u00a0hores):\u00a0<\/b><\/span><\/p>\n<p>Aquest curs s\u2019adre\u00e7a a les persones que han superat el curs de COMPETIC inicial o que tenen o poden acreditar uns coneixements elementals del funcionament de l&#8217;ordinador, del tractament de textos, de l&#8217;\u00fas del correu electr\u00f2nic i de la recerca d&#8217;informaci\u00f3 per Internet.<\/p>\n<p><span style=\"font-size: medium;\">Recull tres compet\u00e8ncies:<\/span><\/p>\n<p><span style=\"font-size: medium;\">\u2022 Cultura participaci\u00f3 i civisme digital (Participaci\u00f3 digital). El seu objectiu \u00e9s utilitzar de manera eficient, c\u00edvica i segura els recursos de qu\u00e8 disposa la ciutadania en la societat digital, i aplicar-los selectivament en els diversos \u00e0mbits de la vida quotidiana, amb la societat.<\/span><\/p>\n<p><span style=\"font-size: medium;\">\u2022Tractament de la informaci\u00f3 gr\u00e0fica, sonora i de la imatge en moviment (Multim\u00e8dia).\u00a0<\/span><\/p>\n<p><span style=\"font-size: medium;\">\u2022Tractament de la informaci\u00f3 num\u00e8rica (Full de c\u00e0lcul).<\/span><\/p>\n<p><span style=\"font-size: medium;\">\u00a0<\/span><span style=\"font-size: medium;\">El certificat d\u2019aquest curs \u00e9s\u00a0equivalent al certificat de l\u2019acreditaci\u00f3 de compet\u00e8ncies en tecnologies de la informaci\u00f3 i la comunicaci\u00f3 (ACTIC), nivell B\u00e0sic.<\/span><\/p>\n<p><span style=\"font-size: medium;\"><b>COMPETIC 2 <\/b><\/span><span style=\"font-size: medium;\"><b>(140 hores):\u00a0<\/b><\/span><\/p>\n<p>L\u2019alumne de COMPETIC 2 supera el nivell quan mostra un domini efectiu de les tecnologies de la informaci\u00f3 i la comunicaci\u00f3 en relaci\u00f3 amb els seus \u00e0mbits generals d\u2019aplicaci\u00f3. S\u2019hi treballen totes les compet\u00e8ncies:<\/p>\n<p>C1: Cultura, participaci\u00f3 i civisme digital.<br \/>\nC2: Tecnologia digital, \u00fas de l\u2019ordinador i del sistema operatiu.<br \/>\nC3: Navegaci\u00f3 i comunicaci\u00f3 en el m\u00f3n digital.<br \/>\nC4: Tractament de la informaci\u00f3 escrita.<br \/>\nC5: Tractament de la informaci\u00f3 gr\u00e0fica, sonora i de la imatge en moviment.<br \/>\nC6: Tractament de la informaci\u00f3 num\u00e8rica.<br \/>\nC7: Tractament de les dades.<br \/>\nC8: Presentaci\u00f3 de continguts.<\/p>\n<p><span style=\"font-size: medium;\"><b>COMPETIC 3 <\/b><\/span><span style=\"font-size: medium;\"><b>(105 hores):\u00a0<\/b><\/span><\/p>\n<p>Per matricular-se a COMPETIC 3, i independentment del seu nivell de compet\u00e8ncia digital, l\u2019alumne haur\u00e0 de disposar del certificat ACTIC Mitj\u00e0 o b\u00e9 del certificat de superaci\u00f3 del curs de COMPETIC 2 en un centre d\u2019adults depenent del Departament d\u2019Ensenyament o b\u00e9 que estigui autoritzat a impartir aquest ensenyament.<br \/>\nLa superaci\u00f3 de cadascuna de les compet\u00e8ncies treballades a COMPETIC 3 correspon a una persona usu\u00e0ria que t\u00e9 un ampli domini d\u2019aquestes tecnologies i que disposa de capacitat per aprofitar al m\u00e0xim les prestacions que ofereixen les tecnologies de la informaci\u00f3 i la comunicaci\u00f3, de construir usos alternatius i de donar suport a altres persones perqu\u00e8 puguin millorar el desenvolupament de les seves compet\u00e8ncies.<\/p>\n<p><strong>C4: Tractament de la informaci\u00f3 escrita. 3r trimestre<\/strong><br \/>\nC5: Tractament de la informaci\u00f3 gr\u00e0fica, sonora i de la imatge en moviment.<br \/>\n<strong>C6: Tractament de la informaci\u00f3 num\u00e8rica. 1r trimestre<\/strong><br \/>\nC7: Tractament de les dades.<br \/>\n<strong>C8: Presentaci\u00f3 de continguts. 2n trimestre<\/strong><\/p>\n<p>El treball de cadascuna d\u2019aquestes compet\u00e8ncies es desenvolupa en 35 hores lectives (un trimestre). Per tant, sent que el nivell de COMPETIC 3 t\u00e9 una durada de 105 hores, es treballaran tres compet\u00e8ncies al llarg del curs (una per trimestre). Un cop superades aquestes compet\u00e8ncies, l\u2019alumne que ho desitgi podr\u00e0 continuar cursant les compet\u00e8ncies que li faltin.<\/p>\n","protected":false},"excerpt":{"rendered":"<p>S&#8217;ofereixen els quatre cursos: COMPETIC Inicial, COMPETIC 1, COMPETIC 2 i COMPETIC 3.<\/p>\n<p>COMPETIC\u00a0Inicial (105\u00a0hores):\u00a0<br \/>\nT\u00e9 com a objectiu facilitar l\u2019adquisici\u00f3 de les compet\u00e8ncies m\u00ednimes i els conceptes b\u00e0sics en tecnologies de la informaci\u00f3 i la comunicaci\u00f3 per desenvolupar-se en la societat actual.<br \/>\nS\u2019adre\u00e7a a persones amb pocs&hellip;  <a href=\"https:\/\/agora.xtec.cat\/afaalarona\/ensenyaments\/ensenyaments-transprofessionals\/competencia-digital-competic\/\" title=\"Read Compet\u00e8ncia digital COMPETIC\">Llegeix m\u00e9s\u00bb<\/a><\/p>\n","protected":false},"author":1,"featured_media":0,"parent":286,"menu_order":0,"comment_status":"closed","ping_status":"closed","template":"page-templates\/side-menu.php","meta":{"_bbp_topic_count":0,"_bbp_reply_count":0,"_bbp_total_topic_count":0,"_bbp_total_reply_count":0,"_bbp_voice_count":0,"_bbp_anonymous_reply_count":0,"_bbp_topic_count_hidden":0,"_bbp_reply_count_hidden":0,"_bbp_forum_subforum_count":0,"footnotes":""},"class_list":["post-316","page","type-page","status-publish","hentry"],"post_mailing_queue_ids":[],"_links":{"self":[{"href":"https:\/\/agora.xtec.cat\/afaalarona\/wp-json\/wp\/v2\/pages\/316","targetHints":{"allow":["GET"]}}],"collection":[{"href":"https:\/\/agora.xtec.cat\/afaalarona\/wp-json\/wp\/v2\/pages"}],"about":[{"href":"https:\/\/agora.xtec.cat\/afaalarona\/wp-json\/wp\/v2\/types\/page"}],"author":[{"embeddable":true,"href":"https:\/\/agora.xtec.cat\/afaalarona\/wp-json\/wp\/v2\/users\/1"}],"replies":[{"embeddable":true,"href":"https:\/\/agora.xtec.cat\/afaalarona\/wp-json\/wp\/v2\/comments?post=316"}],"version-history":[{"count":3,"href":"https:\/\/agora.xtec.cat\/afaalarona\/wp-json\/wp\/v2\/pages\/316\/revisions"}],"predecessor-version":[{"id":1277,"href":"https:\/\/agora.xtec.cat\/afaalarona\/wp-json\/wp\/v2\/pages\/316\/revisions\/1277"}],"up":[{"embeddable":true,"href":"https:\/\/agora.xtec.cat\/afaalarona\/wp-json\/wp\/v2\/pages\/286"}],"wp:attachment":[{"href":"https:\/\/agora.xtec.cat\/afaalarona\/wp-json\/wp\/v2\/media?parent=316"}],"curies":[{"name":"wp","href":"https:\/\/api.w.org\/{rel}","templated":true}]}}