{"id":299,"date":"2015-01-28T11:21:22","date_gmt":"2015-01-28T10:21:22","guid":{"rendered":"http:\/\/agora.xtec.cat\/afaalarona\/?page_id=299"},"modified":"2021-10-28T19:38:41","modified_gmt":"2021-10-28T17:38:41","slug":"llengua-castellana","status":"publish","type":"page","link":"https:\/\/agora.xtec.cat\/afaalarona\/ensenyaments\/ensenyaments-inicials-i-formacio-basica\/llengua-castellana\/","title":{"rendered":"Llengua castellana"},"content":{"rendered":"<p style=\"text-align: justify;\"><span style=\"color: #000000; font-family: verdana, sans-serif; font-size: medium;\">Els cursos de llengua castellana van adre\u00e7ats a persones que volen iniciar-se en el coneixement d&#8217;aquesta llengua. Es distribueixen en tres nivells d\u2019acord amb el Marc europeu de refer\u00e8ncia per a les lleng\u00fces.<\/span><\/p>\n<p style=\"text-align: justify;\"><span style=\"color: #000000; font-family: verdana, sans-serif; font-size: medium;\">\u00a0<\/span><\/p>\n<table border=\"1\" cellspacing=\"0\" cellpadding=\"0\">\n<tbody>\n<tr style=\"height: 49px;\">\n<td style=\"height: 49px;\" valign=\"top\" width=\"168\"><b><span style=\"color: #000000; font-family: verdana, sans-serif; font-size: medium;\">Nivell del curs\u00a0<\/span><\/b><\/td>\n<td style=\"height: 49px;\" valign=\"top\" width=\"378\"><b><span style=\"color: #000000; font-family: verdana, sans-serif; font-size: medium;\">Nivell de refer\u00e8ncia del Marc Europeu<\/span><\/b><\/td>\n<\/tr>\n<tr style=\"height: 33px;\">\n<td style=\"height: 33px;\" valign=\"top\" width=\"168\"><span style=\"color: #000000; font-family: verdana, sans-serif; font-size: medium;\">1<\/span><\/td>\n<td style=\"height: 33px;\" valign=\"top\" width=\"378\"><span style=\"color: #000000; font-family: verdana, sans-serif; font-size: medium;\">nivell d\u2019usuari\/\u00e0ria b\u00e0sic\/a A1<\/span><\/td>\n<\/tr>\n<tr style=\"height: 33px;\">\n<td style=\"height: 33px;\" valign=\"top\" width=\"168\"><span style=\"color: #000000; font-family: verdana, sans-serif; font-size: medium;\">2<\/span><\/td>\n<td style=\"height: 33px;\" valign=\"top\" width=\"378\"><span style=\"color: #000000; font-family: verdana, sans-serif; font-size: medium;\">nivell d\u2019usuari\/\u00e0ria b\u00e0sic\/a A2<\/span><\/td>\n<\/tr>\n<tr style=\"height: 33px;\">\n<td style=\"height: 33px;\" valign=\"top\" width=\"168\"><span style=\"color: #000000; font-family: verdana, sans-serif; font-size: medium;\">3<\/span><\/td>\n<td style=\"height: 33px;\" valign=\"top\" width=\"378\"><span style=\"color: #000000; font-family: verdana, sans-serif; font-size: medium;\">nivell d\u2019usuari\/\u00e0ria independent B1<\/span><\/td>\n<\/tr>\n<\/tbody>\n<\/table>\n<p style=\"text-align: justify;\"><span style=\"color: #000000; font-family: verdana, sans-serif; font-size: medium;\">Els tres cursos que ofereix l&#8217;escola s\u00f3n:<\/span><\/p>\n<p style=\"text-align: justify;\"><span style=\"color: #000000; font-family: verdana, sans-serif; font-size: medium;\">\u00a0<\/span><\/p>\n<p style=\"text-align: justify;\"><span style=\"color: #000000; font-family: verdana, sans-serif; font-size: medium;\">\u00a0<b>Castell\u00e0 1<\/b>\u00a0(105\u00a0h) :<b>\u00a0\u00a0<\/b>s\u2019adre\u00e7a a persones amb desconeixement de la llengua castellana i t\u00e9 per finalitat que l\u2019aprenent\/a sigui capa\u00e7 de comunicar-se en la nova llengua per respondre a les necessitats personals m\u00e9s immediates i de subsist\u00e8ncia, i sobre temes molt familiars o del seu entorn m\u00e9s proper (per aquest motiu, en aquest nivell tenen m\u00e9s pes les capacitats de comprensi\u00f3 que les d\u2019expressi\u00f3, d\u2019una banda, i les orals que les escrites, de l\u2019altra<\/span><\/p>\n<p style=\"text-align: justify;\"><span style=\"color: #000000; font-family: verdana, sans-serif; font-size: medium;\">\u00a0<\/span><\/p>\n<p style=\"text-align: justify;\"><span style=\"color: #000000; font-family: verdana, sans-serif; font-size: medium;\">\u00a0<b>Castell\u00e0\u00a0<\/b><b>2\u00a0(<\/b>140 h):<b>\u00a0<\/b>s\u2019adre\u00e7a a persones que han superat el nivell 1 i necessiten ampliar les habilitats de comprensi\u00f3 i expressi\u00f3 oral i escrita de la llengua castellana i t\u00e9 per finalitat que l\u2019aprenent\/a pugui comunicar-se en situacions properes i habituals, relacionades amb la vida quotidiana i amb el seu \u00e0mbit laboral.<\/span><\/p>\n<p style=\"text-align: justify;\"><b><span style=\"color: #000000; font-family: verdana, sans-serif; font-size: medium;\">\u00a0<\/span><\/b><\/p>\n<p style=\"text-align: justify;\"><span style=\"color: #000000; font-family: verdana, sans-serif; font-size: medium;\"><b>Castell\u00e0\u00a0<\/b><b>\u00a03<\/b>\u00a0(140 h):<b>\u00a0<\/b>s\u2019adre\u00e7a a persones que han superat el nivell 2 i necessitin desenvolupar-se satisfact\u00f2riament en les situacions comunicatives de la vida quotidiana tant a nivell oral com escrit i t\u00e9 per finalitat que l\u2019aprenent\/a sigui capa\u00e7 d\u2019expressar-se amb suficient flu\u00efdesa per comunicar-se i mantenir la interacci\u00f3 en contextos coneguts i sobre tem\u00e0tiques generals o d\u2019inter\u00e8s personal, i fer front de manera flexible a situacions habituals, en la variant est\u00e0ndard de l\u2019entorn d\u2019aprenentatge.<\/span><\/p>\n<p style=\"text-align: justify;\"><span style=\"color: #000000; font-family: verdana, sans-serif; font-size: medium;\">La superaci\u00f3 del curs corresponent donar\u00e0 acc\u00e9s a<b>\u00a0<\/b>un certificat acreditatiu que comptar\u00e0 amb el reconeixement de les autoritats p\u00fabliques competents en la mat\u00e8ria.<\/span><\/p>\n<p style=\"text-align: justify;\">\n","protected":false},"excerpt":{"rendered":"<p>Els cursos de llengua castellana van adre\u00e7ats a persones que volen iniciar-se en el coneixement d&#8217;aquesta llengua. Es distribueixen en tres nivells d\u2019acord amb el Marc europeu de refer\u00e8ncia per a les lleng\u00fces.<br \/>\n\u00a0<\/p>\n<p>Nivell del curs\u00a0<br \/>\nNivell de refer\u00e8ncia del Marc Europeu<\/p>\n<p>1<br \/>\nnivell d\u2019usuari\/\u00e0ria b\u00e0sic\/a A1<\/p>\n<p>2<br \/>\nnivell d\u2019usuari\/\u00e0ria b\u00e0sic\/a&hellip;  <a href=\"https:\/\/agora.xtec.cat\/afaalarona\/ensenyaments\/ensenyaments-inicials-i-formacio-basica\/llengua-castellana\/\" title=\"Read Llengua castellana\">Llegeix m\u00e9s\u00bb<\/a><\/p>\n","protected":false},"author":1,"featured_media":0,"parent":283,"menu_order":0,"comment_status":"closed","ping_status":"closed","template":"page-templates\/side-menu.php","meta":{"_bbp_topic_count":0,"_bbp_reply_count":0,"_bbp_total_topic_count":0,"_bbp_total_reply_count":0,"_bbp_voice_count":0,"_bbp_anonymous_reply_count":0,"_bbp_topic_count_hidden":0,"_bbp_reply_count_hidden":0,"_bbp_forum_subforum_count":0,"footnotes":""},"class_list":["post-299","page","type-page","status-publish","hentry"],"post_mailing_queue_ids":[],"_links":{"self":[{"href":"https:\/\/agora.xtec.cat\/afaalarona\/wp-json\/wp\/v2\/pages\/299","targetHints":{"allow":["GET"]}}],"collection":[{"href":"https:\/\/agora.xtec.cat\/afaalarona\/wp-json\/wp\/v2\/pages"}],"about":[{"href":"https:\/\/agora.xtec.cat\/afaalarona\/wp-json\/wp\/v2\/types\/page"}],"author":[{"embeddable":true,"href":"https:\/\/agora.xtec.cat\/afaalarona\/wp-json\/wp\/v2\/users\/1"}],"replies":[{"embeddable":true,"href":"https:\/\/agora.xtec.cat\/afaalarona\/wp-json\/wp\/v2\/comments?post=299"}],"version-history":[{"count":3,"href":"https:\/\/agora.xtec.cat\/afaalarona\/wp-json\/wp\/v2\/pages\/299\/revisions"}],"predecessor-version":[{"id":1275,"href":"https:\/\/agora.xtec.cat\/afaalarona\/wp-json\/wp\/v2\/pages\/299\/revisions\/1275"}],"up":[{"embeddable":true,"href":"https:\/\/agora.xtec.cat\/afaalarona\/wp-json\/wp\/v2\/pages\/283"}],"wp:attachment":[{"href":"https:\/\/agora.xtec.cat\/afaalarona\/wp-json\/wp\/v2\/media?parent=299"}],"curies":[{"name":"wp","href":"https:\/\/api.w.org\/{rel}","templated":true}]}}