{"id":27,"date":"2014-09-17T16:24:03","date_gmt":"2014-09-17T16:24:03","guid":{"rendered":"http:\/\/agora.xtec.cat\/afaalarona\/?page_id=27"},"modified":"2021-10-28T18:22:54","modified_gmt":"2021-10-28T16:22:54","slug":"historia","status":"publish","type":"page","link":"https:\/\/agora.xtec.cat\/afaalarona\/el-centre\/historia\/","title":{"rendered":"Hist\u00f2ria"},"content":{"rendered":"<p style=\"text-align: justify;\">L&#8217;escola Alarona \u00e9s un Centre de Formaci\u00f3 d&#8217;Adults\u00a0de\u00a0la ciutat de Matar\u00f3. L&#8217;origen del centre cal situar-lo l&#8217;any 1982 en el barri de Pla d&#8217;en Boet. Despr\u00e9s de fer les classes compartint els edificis de les escoles Pla d&#8217;en Boet i Cam\u00ed del Mig, el curs 1985\/86 el centre es trasllada a uns baixos de l&#8217;Avinguda Llu\u00eds companys.<\/p>\n<p style=\"text-align: justify;\">Amb el pas dels anys, l&#8217;escola va creixent en n\u00famero d&#8217;alumnes i en la seva oferta formativa. Finalment, degut a la manca d&#8217;espais, l&#8217;any 2009 el centre passa a situar-se a les depend\u00e8ncies municipals dels baixos del carrer Sant Cugat 169-173.<\/p>\n<p style=\"text-align: justify;\">Actualment el centre disposa de m\u00e9s de 400 alumnes i una oferta de 14 ensenyaments diferents.<\/p>\n","protected":false},"excerpt":{"rendered":"<p>L&#8217;escola Alarona \u00e9s un Centre de Formaci\u00f3 d&#8217;Adults\u00a0de\u00a0la ciutat de Matar\u00f3. L&#8217;origen del centre cal situar-lo l&#8217;any 1982 en el barri de Pla d&#8217;en Boet. Despr\u00e9s de fer les classes compartint els edificis de les escoles Pla d&#8217;en Boet i Cam\u00ed del Mig, el curs&hellip;  <a href=\"https:\/\/agora.xtec.cat\/afaalarona\/el-centre\/historia\/\" title=\"Read Hist\u00f2ria\">Llegeix m\u00e9s\u00bb<\/a><\/p>\n","protected":false},"author":1,"featured_media":0,"parent":261,"menu_order":20,"comment_status":"closed","ping_status":"closed","template":"page-templates\/side-menu.php","meta":{"_bbp_topic_count":0,"_bbp_reply_count":0,"_bbp_total_topic_count":0,"_bbp_total_reply_count":0,"_bbp_voice_count":0,"_bbp_anonymous_reply_count":0,"_bbp_topic_count_hidden":0,"_bbp_reply_count_hidden":0,"_bbp_forum_subforum_count":0,"footnotes":""},"class_list":["post-27","page","type-page","status-publish","hentry"],"post_mailing_queue_ids":[],"_links":{"self":[{"href":"https:\/\/agora.xtec.cat\/afaalarona\/wp-json\/wp\/v2\/pages\/27","targetHints":{"allow":["GET"]}}],"collection":[{"href":"https:\/\/agora.xtec.cat\/afaalarona\/wp-json\/wp\/v2\/pages"}],"about":[{"href":"https:\/\/agora.xtec.cat\/afaalarona\/wp-json\/wp\/v2\/types\/page"}],"author":[{"embeddable":true,"href":"https:\/\/agora.xtec.cat\/afaalarona\/wp-json\/wp\/v2\/users\/1"}],"replies":[{"embeddable":true,"href":"https:\/\/agora.xtec.cat\/afaalarona\/wp-json\/wp\/v2\/comments?post=27"}],"version-history":[{"count":3,"href":"https:\/\/agora.xtec.cat\/afaalarona\/wp-json\/wp\/v2\/pages\/27\/revisions"}],"predecessor-version":[{"id":1253,"href":"https:\/\/agora.xtec.cat\/afaalarona\/wp-json\/wp\/v2\/pages\/27\/revisions\/1253"}],"up":[{"embeddable":true,"href":"https:\/\/agora.xtec.cat\/afaalarona\/wp-json\/wp\/v2\/pages\/261"}],"wp:attachment":[{"href":"https:\/\/agora.xtec.cat\/afaalarona\/wp-json\/wp\/v2\/media?parent=27"}],"curies":[{"name":"wp","href":"https:\/\/api.w.org\/{rel}","templated":true}]}}