{"id":1751,"date":"2025-10-21T12:31:09","date_gmt":"2025-10-21T10:31:09","guid":{"rendered":"https:\/\/agora.xtec.cat\/afaalarona\/?page_id=1751"},"modified":"2025-10-21T12:32:07","modified_gmt":"2025-10-21T10:32:07","slug":"el-consell-de-delegats","status":"publish","type":"page","link":"https:\/\/agora.xtec.cat\/afaalarona\/el-consell-de-delegats\/","title":{"rendered":"El Consell de delegats"},"content":{"rendered":"<h5>L&#8217;estrat\u00e8gia per participar en la vida del centre.<\/h5>\n<h6 style=\"text-align: justify;\">En un centre de formaci\u00f3 de persones adultes, la participaci\u00f3 de l&#8217;alumnat sempre l&#8217;hem considerat fonamental. Que tots els alumnes tinguin el seu espai per poder donar la seva opini\u00f3, presentar propostes, idees&#8230; \u00e9s un dels pilars fonamentals de l&#8217;escola. Per organitzar-ho i donar veu a tothom, cal tenir present que som m\u00e9s de 500 persones, ja des del curs 2020\/21 hem creat el Consell de Delegats.<\/h6>\n<h6 style=\"text-align: justify;\">El consell est\u00e0 format per un delegat o delegada de cada un dels 22 grups que hi ha al centre, juntament amb una representaci\u00f3 de l&#8217;equip directiu de l&#8217;escola.<\/h6>\n<h6 style=\"text-align: justify;\">Portem a terme una reuni\u00f3 cada trimestre per organitzar la Jornada Cultural i la Festa de fi de curs de cada any. Tamb\u00e9 \u00e9s l&#8217;espai per recollir les possibles valoracions i aportacions de l&#8217;alumnat.<\/h6>\n<h6 style=\"text-align: justify;\">El projecte est\u00e0 totalment consolidat i ha generat una din\u00e0mica molt positiva en persones que, possiblement, en altres espais no han tingut l&#8217;oportunitat de poder participar de manera activa en un col\u00b7lectiu o entitat.<\/h6>\n<p style=\"text-align: center;\"><img loading=\"lazy\" decoding=\"async\" class=\"aligncenter size-full wp-image-1753\" src=\"https:\/\/agora.xtec.cat\/afaalarona\/wp-content\/uploads\/usu1720\/2025\/10\/delegats.jpg\" alt=\"\" width=\"900\" height=\"674\" srcset=\"https:\/\/agora.xtec.cat\/afaalarona\/wp-content\/uploads\/usu1720\/2025\/10\/delegats.jpg 900w, https:\/\/agora.xtec.cat\/afaalarona\/wp-content\/uploads\/usu1720\/2025\/10\/delegats-300x225.jpg 300w, https:\/\/agora.xtec.cat\/afaalarona\/wp-content\/uploads\/usu1720\/2025\/10\/delegats-768x575.jpg 768w, https:\/\/agora.xtec.cat\/afaalarona\/wp-content\/uploads\/usu1720\/2025\/10\/delegats-200x150.jpg 200w\" sizes=\"auto, (max-width: 900px) 100vw, 900px\" \/><\/p>\n<p>&nbsp;<\/p>\n<p>&nbsp;<\/p>\n","protected":false},"excerpt":{"rendered":"<p>L&#8217;estrat\u00e8gia per participar en la vida del centre.<br \/>\nEn un centre de formaci\u00f3 de persones adultes, la participaci\u00f3 de l&#8217;alumnat sempre l&#8217;hem considerat fonamental. Que tots els alumnes tinguin el seu espai per poder donar la seva opini\u00f3, presentar propostes, idees&#8230; \u00e9s un dels pilars fonamentals&hellip;  <a href=\"https:\/\/agora.xtec.cat\/afaalarona\/el-consell-de-delegats\/\" title=\"Read El Consell de delegats\">Llegeix m\u00e9s\u00bb<\/a><\/p>\n","protected":false},"author":1,"featured_media":0,"parent":0,"menu_order":0,"comment_status":"closed","ping_status":"closed","template":"","meta":{"_bbp_topic_count":0,"_bbp_reply_count":0,"_bbp_total_topic_count":0,"_bbp_total_reply_count":0,"_bbp_voice_count":0,"_bbp_anonymous_reply_count":0,"_bbp_topic_count_hidden":0,"_bbp_reply_count_hidden":0,"_bbp_forum_subforum_count":0,"footnotes":""},"class_list":["post-1751","page","type-page","status-publish","hentry"],"post_mailing_queue_ids":[],"_links":{"self":[{"href":"https:\/\/agora.xtec.cat\/afaalarona\/wp-json\/wp\/v2\/pages\/1751","targetHints":{"allow":["GET"]}}],"collection":[{"href":"https:\/\/agora.xtec.cat\/afaalarona\/wp-json\/wp\/v2\/pages"}],"about":[{"href":"https:\/\/agora.xtec.cat\/afaalarona\/wp-json\/wp\/v2\/types\/page"}],"author":[{"embeddable":true,"href":"https:\/\/agora.xtec.cat\/afaalarona\/wp-json\/wp\/v2\/users\/1"}],"replies":[{"embeddable":true,"href":"https:\/\/agora.xtec.cat\/afaalarona\/wp-json\/wp\/v2\/comments?post=1751"}],"version-history":[{"count":2,"href":"https:\/\/agora.xtec.cat\/afaalarona\/wp-json\/wp\/v2\/pages\/1751\/revisions"}],"predecessor-version":[{"id":1754,"href":"https:\/\/agora.xtec.cat\/afaalarona\/wp-json\/wp\/v2\/pages\/1751\/revisions\/1754"}],"wp:attachment":[{"href":"https:\/\/agora.xtec.cat\/afaalarona\/wp-json\/wp\/v2\/media?parent=1751"}],"curies":[{"name":"wp","href":"https:\/\/api.w.org\/{rel}","templated":true}]}}