{"id":1731,"date":"2025-10-20T18:51:24","date_gmt":"2025-10-20T16:51:24","guid":{"rendered":"https:\/\/agora.xtec.cat\/afaalarona\/?page_id=1731"},"modified":"2025-10-21T12:04:37","modified_gmt":"2025-10-21T10:04:37","slug":"jornada-cultural","status":"publish","type":"page","link":"https:\/\/agora.xtec.cat\/afaalarona\/jornada-cultural\/","title":{"rendered":"Jornada Cultural"},"content":{"rendered":"<h5>Un dia per aprendre d&#8217;una manera diferent&#8230;<\/h5>\n<h6>Cada curs escolar, des del curs 2021\/22, portem a terme una Jornada Cultural al centre. Es tracta d&#8217;un dia on aturem les classes i portem a terme una s\u00e8rie de tallers. S\u00f3n tallers proposats i organitzats pels mateixos alumnes; estampaci\u00f3, cuina freda, ioga, ball, manualitats, pintura, dibuix&#8230; s\u00f3n nom\u00e9s alguns exemples.<\/h6>\n<h6>Tot un \u00e8xit de participaci\u00f3 que millora any rere any!<\/h6>\n<p style=\"text-align: center;\"><img loading=\"lazy\" decoding=\"async\" class=\"aligncenter size-full wp-image-1747\" src=\"https:\/\/agora.xtec.cat\/afaalarona\/wp-content\/uploads\/usu1720\/2025\/10\/1000203601.jpg\" alt=\"\" width=\"900\" height=\"900\" srcset=\"https:\/\/agora.xtec.cat\/afaalarona\/wp-content\/uploads\/usu1720\/2025\/10\/1000203601.jpg 900w, https:\/\/agora.xtec.cat\/afaalarona\/wp-content\/uploads\/usu1720\/2025\/10\/1000203601-300x300.jpg 300w, https:\/\/agora.xtec.cat\/afaalarona\/wp-content\/uploads\/usu1720\/2025\/10\/1000203601-150x150.jpg 150w, https:\/\/agora.xtec.cat\/afaalarona\/wp-content\/uploads\/usu1720\/2025\/10\/1000203601-768x768.jpg 768w\" sizes=\"auto, (max-width: 900px) 100vw, 900px\" \/><\/p>\n","protected":false},"excerpt":{"rendered":"<p>Un dia per aprendre d&#8217;una manera diferent&#8230;<br \/>\nCada curs escolar, des del curs 2021\/22, portem a terme una Jornada Cultural al centre. Es tracta d&#8217;un dia on aturem les classes i portem a terme una s\u00e8rie de tallers. S\u00f3n tallers proposats i organitzats pels mateixos alumnes;&hellip;  <a href=\"https:\/\/agora.xtec.cat\/afaalarona\/jornada-cultural\/\" title=\"Read Jornada Cultural\">Llegeix m\u00e9s\u00bb<\/a><\/p>\n","protected":false},"author":1,"featured_media":0,"parent":0,"menu_order":0,"comment_status":"closed","ping_status":"closed","template":"","meta":{"_bbp_topic_count":0,"_bbp_reply_count":0,"_bbp_total_topic_count":0,"_bbp_total_reply_count":0,"_bbp_voice_count":0,"_bbp_anonymous_reply_count":0,"_bbp_topic_count_hidden":0,"_bbp_reply_count_hidden":0,"_bbp_forum_subforum_count":0,"footnotes":""},"class_list":["post-1731","page","type-page","status-publish","hentry"],"post_mailing_queue_ids":[],"_links":{"self":[{"href":"https:\/\/agora.xtec.cat\/afaalarona\/wp-json\/wp\/v2\/pages\/1731","targetHints":{"allow":["GET"]}}],"collection":[{"href":"https:\/\/agora.xtec.cat\/afaalarona\/wp-json\/wp\/v2\/pages"}],"about":[{"href":"https:\/\/agora.xtec.cat\/afaalarona\/wp-json\/wp\/v2\/types\/page"}],"author":[{"embeddable":true,"href":"https:\/\/agora.xtec.cat\/afaalarona\/wp-json\/wp\/v2\/users\/1"}],"replies":[{"embeddable":true,"href":"https:\/\/agora.xtec.cat\/afaalarona\/wp-json\/wp\/v2\/comments?post=1731"}],"version-history":[{"count":3,"href":"https:\/\/agora.xtec.cat\/afaalarona\/wp-json\/wp\/v2\/pages\/1731\/revisions"}],"predecessor-version":[{"id":1748,"href":"https:\/\/agora.xtec.cat\/afaalarona\/wp-json\/wp\/v2\/pages\/1731\/revisions\/1748"}],"wp:attachment":[{"href":"https:\/\/agora.xtec.cat\/afaalarona\/wp-json\/wp\/v2\/media?parent=1731"}],"curies":[{"name":"wp","href":"https:\/\/api.w.org\/{rel}","templated":true}]}}