{"id":67,"date":"2014-09-18T10:14:18","date_gmt":"2014-09-18T10:14:18","guid":{"rendered":"http:\/\/agora.xtec.cat\/afa-ripolles\/\/?page_id=67"},"modified":"2023-09-08T11:04:46","modified_gmt":"2023-09-08T09:04:46","slug":"acollida","status":"publish","type":"page","link":"https:\/\/agora.xtec.cat\/afa-ripolles\/serveis\/acollida\/","title":{"rendered":"Acollida"},"content":{"rendered":"<h3 style=\"text-align: center;\"><strong><span style=\"color: #3366ff;\">ACOLLIDA D\u2019INICI DE CURS DEL NOU ALUMNAT<\/span><\/strong><\/h3>\n<p>&nbsp;<\/p>\n<ul style=\"list-style-type: square;\">\n<li>L\u2019acollida comen\u00e7a quan l\u2019alumnat ve a apuntar-se o a demanar informaci\u00f3 i es fa de forma individual seguint els seg\u00fcents passos:<\/li>\n<\/ul>\n<p style=\"padding-left: 40px;\">\u2022\u00a0 Informaci\u00f3 dels cursos i horaris.<br \/>\n\u2022\u00a0 Preguntes sobre els interessos i objectius que t\u00e9.<br \/>\n\u2022\u00a0 Si escau, prova de nivell per ubicar-lo al grup m\u00e9s adient.<br \/>\n\u2022\u00a0 Entrevista per con\u00e8ixer millor a l&#8217;alumne\/a: situaci\u00f3 laboral, problemes de salut rellevants, estudis previs, lleng\u00fces que ent\u00e9n&#8230;<\/p>\n<ul style=\"list-style-type: square;\">\n<li>A l\u2019inici del curs, el tutor o la tutora de cada grup proporciona la seg\u00fcent informaci\u00f3:<\/li>\n<\/ul>\n<p style=\"padding-left: 40px;\">\u2022\u00a0 Informaci\u00f3 general del curs: inici i acabament dels trimestres, dies festius i vacances, i informaci\u00f3 de contacte.<br \/>\n\u2022\u00a0 Normes de conviv\u00e8ncia per al bon funcionament del centre i les classes.<br \/>\n\u2022\u00a0 Control d&#8217;assist\u00e8ncia i abs\u00e8ncies.<br \/>\n\u2022\u00a0 Objectius i avaluaci\u00f3 del curs.<br \/>\n\u2022\u00a0 Funcionament i utilitzaci\u00f3 de l\u2019EVA.<br \/>\n\u2022\u00a0 Seguiment del curs a trav\u00e9s de les tutories individuals i del grup classe i forma de contacte.<\/p>\n","protected":false},"excerpt":{"rendered":"<p>ACOLLIDA D\u2019INICI DE CURS DEL NOU ALUMNAT<br \/>\n&nbsp;<\/p>\n<ul style=\"list-style-type: square;\">\n<li>L\u2019acollida comen\u00e7a quan l\u2019alumnat ve a apuntar-se o a demanar informaci\u00f3 i es fa de forma individual seguint els seg\u00fcents passos:<\/li>\n<\/ul>\n<p>\u2022\u00a0 Informaci\u00f3 dels cursos i horaris.<br \/>\n\u2022\u00a0 Preguntes sobre els interessos i objectius que t\u00e9.<br \/>\n\u2022\u00a0 Si escau, prova&hellip;  <a href=\"https:\/\/agora.xtec.cat\/afa-ripolles\/serveis\/acollida\/\" title=\"Read Acollida\">Llegeix m\u00e9s\u00bb<\/a><\/p>\n","protected":false},"author":2,"featured_media":0,"parent":63,"menu_order":20,"comment_status":"closed","ping_status":"closed","template":"page-templates\/side-menu.php","meta":{"_bbp_topic_count":0,"_bbp_reply_count":0,"_bbp_total_topic_count":0,"_bbp_total_reply_count":0,"_bbp_voice_count":0,"_bbp_anonymous_reply_count":0,"_bbp_topic_count_hidden":0,"_bbp_reply_count_hidden":0,"_bbp_forum_subforum_count":0,"footnotes":""},"class_list":["post-67","page","type-page","status-publish","hentry"],"post_mailing_queue_ids":[],"_links":{"self":[{"href":"https:\/\/agora.xtec.cat\/afa-ripolles\/wp-json\/wp\/v2\/pages\/67","targetHints":{"allow":["GET"]}}],"collection":[{"href":"https:\/\/agora.xtec.cat\/afa-ripolles\/wp-json\/wp\/v2\/pages"}],"about":[{"href":"https:\/\/agora.xtec.cat\/afa-ripolles\/wp-json\/wp\/v2\/types\/page"}],"author":[{"embeddable":true,"href":"https:\/\/agora.xtec.cat\/afa-ripolles\/wp-json\/wp\/v2\/users\/2"}],"replies":[{"embeddable":true,"href":"https:\/\/agora.xtec.cat\/afa-ripolles\/wp-json\/wp\/v2\/comments?post=67"}],"version-history":[{"count":3,"href":"https:\/\/agora.xtec.cat\/afa-ripolles\/wp-json\/wp\/v2\/pages\/67\/revisions"}],"predecessor-version":[{"id":1614,"href":"https:\/\/agora.xtec.cat\/afa-ripolles\/wp-json\/wp\/v2\/pages\/67\/revisions\/1614"}],"up":[{"embeddable":true,"href":"https:\/\/agora.xtec.cat\/afa-ripolles\/wp-json\/wp\/v2\/pages\/63"}],"wp:attachment":[{"href":"https:\/\/agora.xtec.cat\/afa-ripolles\/wp-json\/wp\/v2\/media?parent=67"}],"curies":[{"name":"wp","href":"https:\/\/api.w.org\/{rel}","templated":true}]}}