{"id":316,"date":"2015-01-28T11:33:51","date_gmt":"2015-01-28T10:33:51","guid":{"rendered":"http:\/\/agora.xtec.cat\/afa-ripolles\/\/?page_id=316"},"modified":"2025-10-15T14:30:37","modified_gmt":"2025-10-15T12:30:37","slug":"competencia-digital-competic","status":"publish","type":"page","link":"https:\/\/agora.xtec.cat\/afa-ripolles\/ensenyaments\/ensenyaments-transprofessionals\/competencia-digital-competic\/","title":{"rendered":"Compet\u00e8ncia digital COMPETIC"},"content":{"rendered":"<h4><strong><span style=\"text-decoration: underline;\"><span style=\"color: #333399; text-decoration: underline;\">COMPETIC 1<\/span><\/span><\/strong><\/h4>\n<p style=\"text-align: justify;\"><span style=\"color: #000000;\">Aquest curs va adre\u00e7at a persones que han superat el curs d&#8217;inform\u00e0tica inicial o que tenen uns coneixements elementals del funcionament de l\u2019ordinador, del tractament de textos, de l\u2019\u00fas del correu electr\u00f2nic i de la recerca d\u2019informaci\u00f3 per Internet.<\/span><span style=\"color: #000000;\">\u00a0<\/span><\/p>\n<div>\n<div><span style=\"font-size: medium; color: #000000;\">Els continguts que s&#8217;hi treballen s\u00f3n els seg\u00fcents:<\/span><\/div>\n<div><span style=\"font-size: medium;\"><b>\u00a0<\/b><\/span><\/div>\n<div>\n<table border=\"1\" cellspacing=\"0\">\n<tbody>\n<tr>\n<td><strong>\u00a0C1<\/strong><\/td>\n<td><strong>\u00a0\u00a0Cultura, participaci\u00f3 i civisme digital.<\/strong><\/td>\n<\/tr>\n<tr>\n<td><strong>\u00a0C5<\/strong><\/td>\n<td><strong>\u00a0Tractament de la informaci\u00f3 gr\u00e0fica, sonora i de la imatge en moviment.<\/strong><\/td>\n<\/tr>\n<tr>\n<td><strong>\u00a0C6<\/strong><\/td>\n<td><strong>\u00a0Tractament de la informaci\u00f3 num\u00e8rica<span style=\"font-size: medium;\">\u00a0<\/span><\/strong><\/td>\n<\/tr>\n<\/tbody>\n<\/table>\n<\/div>\n<\/div>\n<div>\n<div><span style=\"font-size: medium; color: #000000;\">La superaci\u00f3 d&#8217;aquest nivell equival al certificat b\u00e0sic de l&#8217;ACTIC.<\/span><\/div>\n<p><span style=\"font-size: medium;\"><br \/>\n<span style=\"color: #3d85c6; font-size: large;\"><b>HORARIS<\/b><\/span><\/span><b>\u00a0<\/b><\/p>\n<p><b>Durant el curs 25\/26 no s&#8217;ofereix aquest ensenyament.<\/b><\/p>\n<p><b><span style=\"color: #3d85c6;\">DURADA DEL CURS<\/span><\/b><\/p>\n<p><span style=\"font-size: medium;\"><b>Anual<\/b><\/span><\/p>\n<\/div>\n<h4><strong><span style=\"text-decoration: underline;\"><span style=\"color: #333399; text-decoration: underline;\">COMPETIC 2<\/span><\/span><\/strong><\/h4>\n<div>\n<p style=\"text-align: justify;\"><span style=\"color: #000000; font-size: medium;\">El curs COMPETIC 2 va adre\u00e7at a les persones que han superat el curs de COMPETIC 1, poden acreditar ACTIC 1 o b\u00e9 demostrar un domini elemental en l&#8217;\u00fas de les TIC superant una prova que es fa al mateix centre. S\u00f3n usuaris d&#8217;aquestes tecnologies, amb capacitat per con\u00e8ixer i aplicar-les, que es poden considerar inclosos en la societat digital.\u00a0<\/span><span style=\"color: #000000; font-size: medium;\">El curs t\u00e9 com a objectiu facilitar el domini efectiu de les TIC en relaci\u00f3 amb els \u00e0mbits generals d&#8217;aplicaci\u00f3. L&#8217;usuari ha de ser aut\u00f2nom i amb capacitat cr\u00edtica sobre les TIC que actua amb efectivitat i adaptabilitat.<\/span><\/p>\n<\/div>\n<div>\n<div><span style=\"font-size: medium; color: #000000;\">Aquest nivell engloba les compet\u00e8ncies seg\u00fcents:<\/span><\/div>\n<div><\/div>\n<div>\n<table border=\"1\" cellspacing=\"0\">\n<tbody>\n<tr>\n<td><b>\u00a0C1<\/b><\/td>\n<td><b>\u00a0Cultura, participaci\u00f3 i civisme digital.\u00a0<\/b><\/td>\n<\/tr>\n<tr>\n<td><b>\u00a0C2<\/b><\/td>\n<td><b>\u00a0Tecnologia digital, \u00fas de l&#8217;ordinador i del sistema operatiu.\u00a0<\/b><\/td>\n<\/tr>\n<tr>\n<td><b>\u00a0C3<\/b><\/td>\n<td><b>\u00a0Navegaci\u00f3 i comunicaci\u00f3 en el m\u00f3n digital.\u00a0<\/b><\/td>\n<\/tr>\n<tr>\n<td><b>\u00a0C4<\/b><\/td>\n<td><b>\u00a0Tractament de la informaci\u00f3 escrita.\u00a0<\/b><\/td>\n<\/tr>\n<tr>\n<td><b>\u00a0C5<\/b><\/td>\n<td><b>\u00a0Tractament de la informaci\u00f3 gr\u00e0fica, sonora i de la imatge en moviment.\u00a0<\/b><\/td>\n<\/tr>\n<tr>\n<td><b>\u00a0C6<\/b><\/td>\n<td><b>\u00a0Tractament de la informaci\u00f3 num\u00e8rica.<\/b><\/td>\n<\/tr>\n<tr>\n<td><b>\u00a0C7<\/b><\/td>\n<td><b>\u00a0Tractament de les dades.\u00a0<\/b><\/td>\n<\/tr>\n<tr>\n<td><b>\u00a0C8<\/b><\/td>\n<td><b>\u00a0Presentaci\u00f3 de continguts<\/b><\/td>\n<\/tr>\n<\/tbody>\n<\/table>\n<\/div>\n<div><span style=\"font-size: medium; color: #000000;\">La superaci\u00f3 d&#8217;aquest nivell equival al certificat mitj\u00e0 de l&#8217;ACTIC.<\/span><\/div>\n<div><\/div>\n<div><\/div>\n<div><\/div>\n<div><b style=\"font-family: inherit; font-size: 1em;\"><span style=\"color: #3d85c6;\">HORARIS<\/span><\/b><\/div>\n<\/div>\n<div><\/div>\n<div>\n<div>\n<p><strong>Dilluns i dimecres: 17:10 a 19:10<\/strong><\/p>\n<\/div>\n<p><span style=\"color: #3d85c6; font-size: medium;\"><span lang=\"CA\"><b>DURADA\u00a0DEL CURS<\/b><\/span><\/span><\/p>\n<p><span style=\"font-size: medium;\"><b>Anual.\u00a0<\/b><\/span><\/p>\n<\/div>\n<p><strong><span style=\"color: #000000;\">Per a m\u00e9s informaci\u00f3 pots consultar aquest<span style=\"color: #0000ff;\"><a style=\"color: #0000ff;\" href=\"http:\/\/www.gencat.cat\/ensenyament\/eac\/pdf\/FANRINF_SI00_00_CA.pdf\"> PDF<\/a><\/span>.<\/span><\/strong><\/p>\n<h4><strong><span style=\"text-decoration: underline;\"><span style=\"color: #333399; text-decoration: underline;\">COMPETIC 3<\/span><\/span><\/strong><\/h4>\n<div>\n<p style=\"text-align: justify;\">Els cursos de COMPETIC 3 s\u00f3n trimestrals i tenen una durada aproximada d&#8217;entre 9 i 10 setmanes. En cada trimestre es treballar\u00e0 una compet\u00e8ncia. Totes les activitats i l&#8217;elaboraci\u00f3 del projecte final s\u00f3n presencials. L&#8217;alumnat compta amb el suport d&#8217;un professor o professora que l&#8217;anir\u00e0 guiant, li resoldr\u00e0 els dubtes i li avaluar\u00e0 totes les feines.\u00a0La metodologia est\u00e0 basada en l&#8217;avaluaci\u00f3 cont\u00ednua, de manera que cal realitzar positivament totes les tasques proposades per a poder superar la compet\u00e8ncia.\u00a0Per poder cursar aquest curs \u00e9s imprescindible tenir el nivell de COMPETIC 2 o l&#8217;ACTIC mitj\u00e0.<\/p>\n<\/div>\n<div style=\"text-align: justify;\"><span style=\"color: #000000;\">Les compet\u00e8ncies que s&#8217;hi treballen s\u00f3n:<\/span><\/div>\n<div><b>\u00a0<\/b><\/div>\n<div>\n<table style=\"width: 41.3618%;\" border=\"1\" cellspacing=\"0\">\n<tbody>\n<tr>\n<td style=\"width: 10.8696%;\"><b>\u00a0C4<\/b><\/td>\n<td style=\"width: 123.641%;\"><b> Tractament de la informaci\u00f3 escrita<\/b><\/td>\n<\/tr>\n<tr>\n<td style=\"width: 10.8696%;\"><b>\u00a0C5\u00a0<\/b><\/td>\n<td style=\"width: 123.641%;\"><strong>Tractament de la informaci\u00f3 gr\u00e0fica, sonora i de la imatge en moviment.<\/strong><\/td>\n<\/tr>\n<tr>\n<td style=\"width: 10.8696%;\"><b>\u00a0C8<\/b><\/td>\n<td style=\"width: 123.641%;\"><b>\u00a0Presentaci\u00f3 de continguts<\/b><\/td>\n<\/tr>\n<\/tbody>\n<\/table>\n<p><span style=\"font-size: medium; color: #000000;\">La superaci\u00f3 d&#8217;aquest nivell equival al certificat avan\u00e7at de l&#8217;ACTIC.<\/span><\/p>\n<\/div>\n<p><span style=\"color: #3d85c6; font-size: medium;\"><b>HORARIS<\/b><\/span><\/p>\n<p><b>Durant el curs 25\/26 no s&#8217;ofereix aquest ensenyament.<\/b><\/p>\n<p><span style=\"color: #3d85c6; font-size: medium;\"><b>DURADA<\/b><\/span><\/p>\n<p><b>Anual.<\/b><\/p>\n","protected":false},"excerpt":{"rendered":"<p>COMPETIC 1<br \/>\nAquest curs va adre\u00e7at a persones que han superat el curs d&#8217;inform\u00e0tica inicial o que tenen uns coneixements elementals del funcionament de l\u2019ordinador, del tractament de textos, de l\u2019\u00fas del correu electr\u00f2nic i de la recerca d\u2019informaci\u00f3 per Internet.\u00a0<\/p>\n<p>Els continguts que s&#8217;hi treballen s\u00f3n&hellip;  <a href=\"https:\/\/agora.xtec.cat\/afa-ripolles\/ensenyaments\/ensenyaments-transprofessionals\/competencia-digital-competic\/\" title=\"Read Compet\u00e8ncia digital COMPETIC\">Llegeix m\u00e9s\u00bb<\/a><\/p>\n","protected":false},"author":2,"featured_media":0,"parent":286,"menu_order":0,"comment_status":"closed","ping_status":"closed","template":"page-templates\/side-menu.php","meta":{"_bbp_topic_count":0,"_bbp_reply_count":0,"_bbp_total_topic_count":0,"_bbp_total_reply_count":0,"_bbp_voice_count":0,"_bbp_anonymous_reply_count":0,"_bbp_topic_count_hidden":0,"_bbp_reply_count_hidden":0,"_bbp_forum_subforum_count":0,"footnotes":""},"class_list":["post-316","page","type-page","status-publish","hentry"],"post_mailing_queue_ids":[],"_links":{"self":[{"href":"https:\/\/agora.xtec.cat\/afa-ripolles\/wp-json\/wp\/v2\/pages\/316","targetHints":{"allow":["GET"]}}],"collection":[{"href":"https:\/\/agora.xtec.cat\/afa-ripolles\/wp-json\/wp\/v2\/pages"}],"about":[{"href":"https:\/\/agora.xtec.cat\/afa-ripolles\/wp-json\/wp\/v2\/types\/page"}],"author":[{"embeddable":true,"href":"https:\/\/agora.xtec.cat\/afa-ripolles\/wp-json\/wp\/v2\/users\/2"}],"replies":[{"embeddable":true,"href":"https:\/\/agora.xtec.cat\/afa-ripolles\/wp-json\/wp\/v2\/comments?post=316"}],"version-history":[{"count":5,"href":"https:\/\/agora.xtec.cat\/afa-ripolles\/wp-json\/wp\/v2\/pages\/316\/revisions"}],"predecessor-version":[{"id":2529,"href":"https:\/\/agora.xtec.cat\/afa-ripolles\/wp-json\/wp\/v2\/pages\/316\/revisions\/2529"}],"up":[{"embeddable":true,"href":"https:\/\/agora.xtec.cat\/afa-ripolles\/wp-json\/wp\/v2\/pages\/286"}],"wp:attachment":[{"href":"https:\/\/agora.xtec.cat\/afa-ripolles\/wp-json\/wp\/v2\/media?parent=316"}],"curies":[{"name":"wp","href":"https:\/\/api.w.org\/{rel}","templated":true}]}}