{"id":312,"date":"2015-01-28T11:32:38","date_gmt":"2015-01-28T10:32:38","guid":{"rendered":"http:\/\/agora.xtec.cat\/afa-ripolles\/\/?page_id=312"},"modified":"2023-06-21T12:26:14","modified_gmt":"2023-06-21T10:26:14","slug":"llengua-anglesa","status":"publish","type":"page","link":"https:\/\/agora.xtec.cat\/afa-ripolles\/ensenyaments\/ensenyaments-transprofessionals\/llengua-anglesa\/","title":{"rendered":"Llengua anglesa"},"content":{"rendered":"<h4><strong><span style=\"text-decoration: underline; color: #339966;\">Angl\u00e8s 1<\/span><\/strong><\/h4>\n<p style=\"text-align: justify;\"><span style=\"color: #000000;\">L&#8217;ensenyament inicial de la llengua anglesa s&#8217;adscriu dins del nivell A1 d&#8217;usuari b\u00e0sic, de domini de la llengua d&#8217;acord amb el Marc Europeu Com\u00fa de Refer\u00e8ncia per a les lleng\u00fces. Se centra en les compet\u00e8ncies de la llengua oral, i tot i incorporar objectius comunicatius m\u00ednims de la llengua escrita.<\/span><\/p>\n<div>\n<p style=\"text-align: justify;\"><span style=\"color: #000000;\"><span style=\"font-size: medium;\"><span lang=\"CA\">Aquest curs est\u00e0 adre\u00e7at a persones amb un desconeixement total o amb\u00a0<\/span><\/span><span style=\"font-size: medium;\"><span lang=\"CA\">molt poc coneixement\u00a0<\/span><\/span><span style=\"font-size: medium;\"><span lang=\"CA\">de la llengua anglesa.<\/span><\/span><span style=\"font-size: medium;\"><span lang=\"CA\">\u00a0Aquest curs se centra en les compet\u00e8ncies de la llengua oral tot i incorporar objectius comunicatius m\u00ednims de la llengua escrita. El programa pret\u00e9n oferir unes nocions b\u00e0siques de la llengua com a eina d&#8217;intercanvi i comunicaci\u00f3 en situacions comunicatives reals.<\/span><\/span><\/span><\/p>\n<p><span style=\"color: #339966;\"><span style=\"font-size: medium;\"><span lang=\"CA\"><b>HORARIS<\/b><\/span><\/span><\/span><span style=\"color: #339966;\"><span style=\"font-size: medium;\"><span lang=\"CA\"><br \/>\n<\/span><\/span><\/span><\/p>\n<p><b>Dilluns i dimecres: 15:00 a 16:30<\/b><\/p>\n<p><strong><span style=\"color: #339966;\">DURADA DEL CURS<\/span><\/strong><\/p>\n<div><span style=\"color: #000000;\"><b>Anual.\u00a0<\/b><\/span><\/div>\n<\/div>\n<p>&nbsp;<\/p>\n<div><\/div>\n<h4><strong><span style=\"text-decoration: underline;\"><span style=\"color: #339966; text-decoration: underline;\">Angl\u00e8s 2<\/span><\/span><\/strong><\/h4>\n<div><\/div>\n<div>\n<p style=\"text-align: justify;\"><span style=\"color: #000000;\">L&#8217;ensenyament de la llengua anglesa de nivell 2 s&#8217;adscriu dins del nivell A2.1 d&#8217;usuari b\u00e0sic, de domini de la llengua d&#8217;acord amb el Marc Europeu Com\u00fa de Refer\u00e8ncia per a les lleng\u00fces. Al llarg d&#8217;aquest curs es consoliden els continguts del nivell A1 (inicial) i s&#8217;introdueixen els de segon nivell b\u00e0sic d&#8217;usuari (A2.1).<\/span><\/p>\n<div>\n<p style=\"text-align: justify;\"><span style=\"font-size: medium; color: #000000;\">Aquest curs s&#8217;adre\u00e7a a les persones que han superat el nivell inicial o que disposen dels coneixements corresponents per a poder seguir-lo (mitjan\u00e7ant una prova de nivell). La finalitat del curs \u00e9s refor\u00e7ar els coneixements orals adquirits en el primer curs i treballar les habilitats de la llengua escrita, per\u00f2 sempre tenint en compte i potenciant situacions comunicatives per a desenvolupar-se en la societat actual.<\/span><\/p>\n<p><span style=\"color: #339966; font-size: large;\"><b>HORARIS <\/b><\/span><\/p>\n<p style=\"text-align: justify;\"><span style=\"color: #000000;\"><strong><b>Durant el curs 23\/24 no s\u2019ofereix aquest ensenyament.<\/b><\/strong><\/span><\/p>\n<p style=\"text-align: justify;\"><strong><span style=\"font-size: medium;\"><span style=\"color: #339966; font-size: large;\">DURADA DEL CURS<\/span><\/span><\/strong><\/p>\n<p><b>Anual.<\/b><\/p>\n<\/div>\n<\/div>\n<h4><strong>\u00a0<\/strong><\/h4>\n<h4><strong><span style=\"text-decoration: underline;\"><span style=\"color: #339966; text-decoration: underline;\">Angl\u00e8s 3<\/span><\/span><\/strong><\/h4>\n<div><\/div>\n<div>\n<p style=\"text-align: justify;\"><span style=\"color: #000000;\">L&#8217;ensenyament inicial de la llengua anglesa de nivell 3 s&#8217;adscriu dins del nivell A2.2 d&#8217;usuari b\u00e0sic, de domini de la llengua d&#8217;acord amb el Marc Europeu Com\u00fa de Refer\u00e8ncia per a les lleng\u00fces. Al llarg d&#8217;aquest curs es consoliden els continguts del nivell A2.<\/span><\/p>\n<div>\n<p style=\"text-align: justify;\"><span style=\"font-size: medium; color: #000000;\">Aquest curs s&#8217;adre\u00e7a a persones que han superat els dos nivell anteriors o que tenen el mateix nivell (mitjan\u00e7ant una prova de nivell). Se centra en l&#8217;adquisici\u00f3 i el desenvolupament d&#8217;estrat\u00e8gies per comunicar-se i resoldre situacions quotidianes reals de manera flu\u00efda.<\/span><\/p>\n<p style=\"text-align: justify;\"><span style=\"font-size: medium; color: #000000;\">Un cop superat aquest nivell els\/les alumnes tenen els coneixements necessaris\u00a0per poder superar la prova de nivell que els permet\u00a0accedir al tercer curs de l&#8217;escola oficial d&#8217;idiomes.<\/span><\/p>\n<p><span style=\"font-size: medium;\"><span style=\"color: #339966;\"><b>HORARIS<\/b><\/span><br \/>\n<\/span><\/p>\n<p><span style=\"color: #000000;\"><strong>Dimarts i dijous: 15:00 a 17:00<\/strong><\/span><\/p>\n<p><span style=\"font-size: medium;\"><span style=\"color: #339966;\"><b>DURADA DEL CURS<\/b><\/span><\/span><\/p>\n<p><b>Anual.<\/b><\/p>\n<\/div>\n<\/div>\n","protected":false},"excerpt":{"rendered":"<p>Angl\u00e8s 1<br \/>\nL&#8217;ensenyament inicial de la llengua anglesa s&#8217;adscriu dins del nivell A1 d&#8217;usuari b\u00e0sic, de domini de la llengua d&#8217;acord amb el Marc Europeu Com\u00fa de Refer\u00e8ncia per a les lleng\u00fces. Se centra en les compet\u00e8ncies de la llengua oral, i tot i incorporar objectius&hellip;  <a href=\"https:\/\/agora.xtec.cat\/afa-ripolles\/ensenyaments\/ensenyaments-transprofessionals\/llengua-anglesa\/\" title=\"Read Llengua anglesa\">Llegeix m\u00e9s\u00bb<\/a><\/p>\n","protected":false},"author":2,"featured_media":0,"parent":286,"menu_order":0,"comment_status":"closed","ping_status":"closed","template":"page-templates\/side-menu.php","meta":{"_bbp_topic_count":0,"_bbp_reply_count":0,"_bbp_total_topic_count":0,"_bbp_total_reply_count":0,"_bbp_voice_count":0,"_bbp_anonymous_reply_count":0,"_bbp_topic_count_hidden":0,"_bbp_reply_count_hidden":0,"_bbp_forum_subforum_count":0,"footnotes":""},"class_list":["post-312","page","type-page","status-publish","hentry"],"post_mailing_queue_ids":[],"_links":{"self":[{"href":"https:\/\/agora.xtec.cat\/afa-ripolles\/wp-json\/wp\/v2\/pages\/312","targetHints":{"allow":["GET"]}}],"collection":[{"href":"https:\/\/agora.xtec.cat\/afa-ripolles\/wp-json\/wp\/v2\/pages"}],"about":[{"href":"https:\/\/agora.xtec.cat\/afa-ripolles\/wp-json\/wp\/v2\/types\/page"}],"author":[{"embeddable":true,"href":"https:\/\/agora.xtec.cat\/afa-ripolles\/wp-json\/wp\/v2\/users\/2"}],"replies":[{"embeddable":true,"href":"https:\/\/agora.xtec.cat\/afa-ripolles\/wp-json\/wp\/v2\/comments?post=312"}],"version-history":[{"count":3,"href":"https:\/\/agora.xtec.cat\/afa-ripolles\/wp-json\/wp\/v2\/pages\/312\/revisions"}],"predecessor-version":[{"id":1539,"href":"https:\/\/agora.xtec.cat\/afa-ripolles\/wp-json\/wp\/v2\/pages\/312\/revisions\/1539"}],"up":[{"embeddable":true,"href":"https:\/\/agora.xtec.cat\/afa-ripolles\/wp-json\/wp\/v2\/pages\/286"}],"wp:attachment":[{"href":"https:\/\/agora.xtec.cat\/afa-ripolles\/wp-json\/wp\/v2\/media?parent=312"}],"curies":[{"name":"wp","href":"https:\/\/api.w.org\/{rel}","templated":true}]}}