{"id":301,"date":"2015-01-28T11:21:46","date_gmt":"2015-01-28T10:21:46","guid":{"rendered":"http:\/\/agora.xtec.cat\/afa-ripolles\/\/?page_id=301"},"modified":"2023-09-04T12:03:08","modified_gmt":"2023-09-04T10:03:08","slug":"formacio-instrumental","status":"publish","type":"page","link":"https:\/\/agora.xtec.cat\/afa-ripolles\/ensenyaments\/ensenyaments-inicials-i-formacio-basica\/formacio-instrumental\/","title":{"rendered":"Formaci\u00f3 instrumental"},"content":{"rendered":"<p style=\"text-align: justify;\"><span style=\"color: #ff6600;\"><strong>Descripci\u00f3<\/strong><\/span><\/p>\n<p style=\"text-align: justify;\">L&#8217;objectiu d&#8217;aquests estudis \u00e9s que les persones adultes aprenguin a llegir, escriure i fer c\u00e0lculs elementals. La superaci\u00f3 d&#8217;aquests estudis permet l&#8217;obtenci\u00f3 del certificat de formaci\u00f3 instrumental.<\/p>\n<p><strong><span style=\"color: #ff6600;\">Continguts <\/span><\/strong><\/p>\n<p style=\"text-align: justify;\">Els continguts d&#8217;aquesta formaci\u00f3 s&#8217;organitzen en tres nivells:<\/p>\n<ul>\n<li style=\"text-align: justify;\"><strong>El primer nivell<\/strong>, en qu\u00e8 l&#8217;aprenentatge se centra en l&#8217;adquisici\u00f3 dels mecanismes fonamentals de lectura i escriptura i de c\u00e0lcul, a m\u00e9s de nocions elementals sobre l&#8217;entorn social i natural.<\/li>\n<li style=\"text-align: justify;\"><strong>El segon nivell<\/strong>, en qu\u00e8 l&#8217;objectiu central \u00e9s consolidar aquests mecanismes i els coneixements que expliquen l&#8217;entorn.<\/li>\n<li style=\"text-align: justify;\"><strong>El tercer nivell<\/strong>, en el qual s&#8217;amplien els coneixements anteriors fins a assolir els objectius generals del cicle.<\/li>\n<\/ul>\n<p style=\"text-align: justify;\">Cada nivell inclou tres \u00e0rees de coneixement:<\/p>\n<p style=\"text-align: justify;\">\u2022 Llengua.<\/p>\n<p style=\"text-align: justify;\">\u2022 Matem\u00e0tiques.<\/p>\n<p style=\"text-align: justify;\">\u2022 Ci\u00e8ncies socials i naturals.<\/p>\n<p style=\"text-align: justify;\">La durada aproximada d&#8217;aquesta formaci\u00f3 \u00e9s de 1.100 hores. Aix\u00f2 no obstant, segons els coneixements previs, les necessitats formatives, i els ritmes d&#8217;aprenentatge de l&#8217;alumnat, la durada pot ser m\u00e9s llarga o menys.<\/p>\n<p style=\"text-align: justify;\"><strong><span style=\"color: #ff6600;\">Acc\u00e9s <\/span><\/strong><\/p>\n<p style=\"text-align: justify;\">Poden accedir a aquests estudis totes les persones que tenen m\u00e9s de 18 anys o b\u00e9 els compleixen durant l&#8217;any natural en qu\u00e8 inicien la formaci\u00f3.<\/p>\n<p style=\"text-align: justify;\">Per cursar aquest ensenyament cal formalitzar la matr\u00edcula d&#8217;acord amb els criteris fixats pel Departament d&#8217;Ensenyament. Aquest estudi \u00e9s gratu\u00eft en els centres dependents del Departament d&#8217;Ensenyament. Per a la resta de centres, consulteu l&#8217;import en el centre corresponent.<\/p>\n<p style=\"text-align: justify;\"><strong><span style=\"color: #ff6600;\">Continu\u00eftat <\/span><\/strong><\/p>\n<p style=\"text-align: justify;\">Si es vol continuar la formaci\u00f3, es pot cursar l&#8217;educaci\u00f3 secund\u00e0ria per a les persones adultes.<\/p>\n<p><strong><span style=\"color: #ff6600;\">Horari<\/span><\/strong><\/p>\n<p>Instrumental I<\/p>\n<p><b>Dimarts i dijous 09:30 a 12:30<\/b><\/p>\n<p>Instrumental II<\/p>\n<p><strong>Dijous 10:30 a 12:00 i divendres 11:00 a 12:30<\/strong><\/p>\n","protected":false},"excerpt":{"rendered":"<p>Descripci\u00f3<br \/>\nL&#8217;objectiu d&#8217;aquests estudis \u00e9s que les persones adultes aprenguin a llegir, escriure i fer c\u00e0lculs elementals. La superaci\u00f3 d&#8217;aquests estudis permet l&#8217;obtenci\u00f3 del certificat de formaci\u00f3 instrumental.<br \/>\nContinguts<br \/>\nEls continguts d&#8217;aquesta formaci\u00f3 s&#8217;organitzen en tres nivells:<\/p>\n<ul>\n<li style=\"text-align: justify;\">El primer nivell, en qu\u00e8 l&#8217;aprenentatge se centra en&hellip;  <a href=\"https:\/\/agora.xtec.cat\/afa-ripolles\/ensenyaments\/ensenyaments-inicials-i-formacio-basica\/formacio-instrumental\/\" title=\"Read Formaci\u00f3 instrumental\">Llegeix m\u00e9s\u00bb<\/a><br \/>\n","protected":false},"author":2,"featured_media":0,"parent":283,"menu_order":0,"comment_status":"closed","ping_status":"closed","template":"page-templates\/side-menu.php","meta":{"_bbp_topic_count":0,"_bbp_reply_count":0,"_bbp_total_topic_count":0,"_bbp_total_reply_count":0,"_bbp_voice_count":0,"_bbp_anonymous_reply_count":0,"_bbp_topic_count_hidden":0,"_bbp_reply_count_hidden":0,"_bbp_forum_subforum_count":0,"footnotes":""},"class_list":["post-301","page","type-page","status-publish","hentry"],"post_mailing_queue_ids":[],"_links":{"self":[{"href":"https:\/\/agora.xtec.cat\/afa-ripolles\/wp-json\/wp\/v2\/pages\/301","targetHints":{"allow":["GET"]}}],"collection":[{"href":"https:\/\/agora.xtec.cat\/afa-ripolles\/wp-json\/wp\/v2\/pages"}],"about":[{"href":"https:\/\/agora.xtec.cat\/afa-ripolles\/wp-json\/wp\/v2\/types\/page"}],"author":[{"embeddable":true,"href":"https:\/\/agora.xtec.cat\/afa-ripolles\/wp-json\/wp\/v2\/users\/2"}],"replies":[{"embeddable":true,"href":"https:\/\/agora.xtec.cat\/afa-ripolles\/wp-json\/wp\/v2\/comments?post=301"}],"version-history":[{"count":4,"href":"https:\/\/agora.xtec.cat\/afa-ripolles\/wp-json\/wp\/v2\/pages\/301\/revisions"}],"predecessor-version":[{"id":1605,"href":"https:\/\/agora.xtec.cat\/afa-ripolles\/wp-json\/wp\/v2\/pages\/301\/revisions\/1605"}],"up":[{"embeddable":true,"href":"https:\/\/agora.xtec.cat\/afa-ripolles\/wp-json\/wp\/v2\/pages\/283"}],"wp:attachment":[{"href":"https:\/\/agora.xtec.cat\/afa-ripolles\/wp-json\/wp\/v2\/media?parent=301"}],"curies":[{"name":"wp","href":"https:\/\/api.w.org\/{rel}","templated":true}]}}