{"id":27,"date":"2014-09-17T16:24:03","date_gmt":"2014-09-17T16:24:03","guid":{"rendered":"http:\/\/agora.xtec.cat\/afa-ripolles\/\/?page_id=27"},"modified":"2023-07-04T12:35:50","modified_gmt":"2023-07-04T10:35:50","slug":"historia","status":"publish","type":"page","link":"https:\/\/agora.xtec.cat\/afa-ripolles\/el-centre\/historia\/","title":{"rendered":"Presentaci\u00f3 del centre"},"content":{"rendered":"<p style=\"text-align: justify;\">El <strong>Centre de formaci\u00f3 de persones adultes del Ripoll\u00e8s<\/strong> (CFA Ripoll\u00e8s) \u00e9s un centre p\u00fablic que dep\u00e8n del Departament d&#8217;Ensenyament. Es troba a la tercera planta de l&#8217;edifici Modest Say\u00f3s, just al costat de l&#8217;Escola Salesiana, i comparteix edifici amb la llar d&#8217;infants Salesians i l&#8217;Escola Comarcal de M\u00fasica.<\/p>\n<p style=\"text-align: justify;\">Tenim com a objectiu facilitar l&#8217;acc\u00e9s a l&#8217;ensenyament, ja que estem conven\u00e7uts que <strong>l&#8217;educaci\u00f3 \u00e9s un dret per a tothom i per a tota la vida<\/strong>. Ens hem proposat definir una l\u00ednia de treball basada en l&#8217;esfor\u00e7 i la voluntat d&#8217;afrontar nous reptes, a m\u00e9s del respecte per les persones, la integraci\u00f3 i el comprom\u00eds amb la nostra feina.<\/p>\n<p style=\"text-align: justify;\">El centre permet a les persones majors de 18 anys (excepcionalment, majors de 16 anys) l&#8217;acc\u00e9s als ensenyaments seg\u00fcents:<\/p>\n<ul style=\"list-style-type: circle;\">\n<li><strong>Catal\u00e0 1 (A1) i 2 (A2).<\/strong><\/li>\n<li><strong>Formaci\u00f3 b\u00e0sica instrumental 1 i 2<\/strong><\/li>\n<li><strong>Graduat en educaci\u00f3 secund\u00e0ria (GES) PRESENCIAL i a dist\u00e0ncia<\/strong><\/li>\n<li><strong>Angl\u00e8s nivell 1 (A1), 2 (A2.1) i 3 (A2.2)<\/strong><\/li>\n<li><strong>Inform\u00e0tica nivell COMPETIC 2 (equivalent a l&#8217;ACTIC mitj\u00e0) i COMPETIC 3 (equivalent a l&#8217;ACTIC avan\u00e7at)<\/strong><\/li>\n<\/ul>\n<p>A m\u00e9s, som centre col\u00b7laborador per a la realitzaci\u00f3 de les <strong>proves ACTIC<\/strong> (<em>Acreditaci\u00f3 de les Compet\u00e8ncies en Tecnologies de la Informaci\u00f3 i la Comunicaci\u00f3<\/em>), reconegudes per la Generalitat de Catalunya.<\/p>\n","protected":false},"excerpt":{"rendered":"<p>El Centre de formaci\u00f3 de persones adultes del Ripoll\u00e8s (CFA Ripoll\u00e8s) \u00e9s un centre p\u00fablic que dep\u00e8n del Departament d&#8217;Ensenyament. Es troba a la tercera planta de l&#8217;edifici Modest Say\u00f3s, just al costat de l&#8217;Escola Salesiana, i comparteix edifici amb la llar d&#8217;infants Salesians i&hellip;  <a href=\"https:\/\/agora.xtec.cat\/afa-ripolles\/el-centre\/historia\/\" title=\"Read Presentaci\u00f3 del centre\">Llegeix m\u00e9s\u00bb<\/a><\/p>\n","protected":false},"author":1,"featured_media":0,"parent":261,"menu_order":20,"comment_status":"closed","ping_status":"closed","template":"page-templates\/side-menu.php","meta":{"_bbp_topic_count":0,"_bbp_reply_count":0,"_bbp_total_topic_count":0,"_bbp_total_reply_count":0,"_bbp_voice_count":0,"_bbp_anonymous_reply_count":0,"_bbp_topic_count_hidden":0,"_bbp_reply_count_hidden":0,"_bbp_forum_subforum_count":0,"footnotes":""},"class_list":["post-27","page","type-page","status-publish","hentry"],"post_mailing_queue_ids":[],"_links":{"self":[{"href":"https:\/\/agora.xtec.cat\/afa-ripolles\/wp-json\/wp\/v2\/pages\/27","targetHints":{"allow":["GET"]}}],"collection":[{"href":"https:\/\/agora.xtec.cat\/afa-ripolles\/wp-json\/wp\/v2\/pages"}],"about":[{"href":"https:\/\/agora.xtec.cat\/afa-ripolles\/wp-json\/wp\/v2\/types\/page"}],"author":[{"embeddable":true,"href":"https:\/\/agora.xtec.cat\/afa-ripolles\/wp-json\/wp\/v2\/users\/1"}],"replies":[{"embeddable":true,"href":"https:\/\/agora.xtec.cat\/afa-ripolles\/wp-json\/wp\/v2\/comments?post=27"}],"version-history":[{"count":4,"href":"https:\/\/agora.xtec.cat\/afa-ripolles\/wp-json\/wp\/v2\/pages\/27\/revisions"}],"predecessor-version":[{"id":1562,"href":"https:\/\/agora.xtec.cat\/afa-ripolles\/wp-json\/wp\/v2\/pages\/27\/revisions\/1562"}],"up":[{"embeddable":true,"href":"https:\/\/agora.xtec.cat\/afa-ripolles\/wp-json\/wp\/v2\/pages\/261"}],"wp:attachment":[{"href":"https:\/\/agora.xtec.cat\/afa-ripolles\/wp-json\/wp\/v2\/media?parent=27"}],"curies":[{"name":"wp","href":"https:\/\/api.w.org\/{rel}","templated":true}]}}