{"id":265,"date":"2015-01-27T17:28:56","date_gmt":"2015-01-27T16:28:56","guid":{"rendered":"http:\/\/agora.xtec.cat\/afa-ripolles\/\/?page_id=265"},"modified":"2024-02-08T12:27:00","modified_gmt":"2024-02-08T11:27:00","slug":"organitzacio-interna","status":"publish","type":"page","link":"https:\/\/agora.xtec.cat\/afa-ripolles\/el-centre\/organitzacio-interna\/","title":{"rendered":"Organitzaci\u00f3 interna"},"content":{"rendered":"<h5><span style=\"color: #0000ff;\">Equip Directiu<\/span><\/h5>\n<ul>\n<li><strong>Director:<\/strong> Xavier Urb\u00f3n<\/li>\n<\/ul>\n<h5><span style=\"color: #0000ff;\">Equip de Coordinaci\u00f3<\/span><\/h5>\n<ul>\n<li><strong>Coordinadora d&#8217;ensenyaments inicials i instrumentals:\u00a0<\/strong>Meritxell Herranz<\/li>\n<li><strong>Coordinador de formaci\u00f3 b\u00e0sica (GES): <\/strong>Xavier Urb\u00f3n<\/li>\n<li><strong>Coordinador de compet\u00e8ncies per a la societat de la informaci\u00f3: <\/strong>Jaume Forment<\/li>\n<\/ul>\n<h5><span style=\"color: #0000ff;\">Consell Escolar<\/span><\/h5>\n<ul>\n<li><strong>L\u2019equip directiu:<\/strong> Xavier Urb\u00f3n<\/li>\n<li><strong>Secret\u00e0ria: <\/strong>Laura Gelada<\/li>\n<li><strong>Representant del professorat: <\/strong>Jaume Forment<\/li>\n<li><strong>Representant dels estudiants: <\/strong>Jaume Camps<\/li>\n<li><strong>Representant del personal administratiu i serveis (PAS): <\/strong>Pere Adam<\/li>\n<li><strong>Representant de l\u2019Ajuntament de Ripoll: <\/strong>N\u00faria Perpiny\u00e0<\/li>\n<\/ul>\n<h5><span id=\"Personal_dadministracio_i_de_serveis_PAS\" style=\"color: #0000ff;\">Personal d\u2019administraci\u00f3 i de serveis (PAS)<\/span><\/h5>\n<ul>\n<li><strong>Auxiliar administratiu: <\/strong>Pere Adam<\/li>\n<\/ul>\n<h5><span style=\"color: #0000ff;\">Tutories<\/span><\/h5>\n<p>Cada grup disposa d\u2019un tutor o d\u2019una tutora per informar, assessorar i orientar sobre el seguiment i evoluci\u00f3 de cada estudiant.<\/p>\n","protected":false},"excerpt":{"rendered":"<p>Equip Directiu<\/p>\n<ul>\n<li>Director: Xavier Urb\u00f3n<\/li>\n<\/ul>\n<p>Equip de Coordinaci\u00f3<\/p>\n<ul>\n<li>Coordinadora d&#8217;ensenyaments inicials i instrumentals:\u00a0Meritxell Herranz<\/li>\n<li>Coordinador de formaci\u00f3 b\u00e0sica (GES): Xavier Urb\u00f3n<\/li>\n<li>Coordinador de compet\u00e8ncies per a la societat de la informaci\u00f3: Jaume Forment<\/li>\n<\/ul>\n<p>Consell Escolar<\/p>\n<ul>\n<li>L\u2019equip directiu: Xavier Urb\u00f3n<\/li>\n<li>Secret\u00e0ria: Laura Gelada<\/li>\n<li>Representant del professorat: Jaume Forment<\/li>\n<li>Representant dels estudiants: Jaume Camps<\/li>\n<li>Representant del personal administratiu&hellip;  <a href=\"https:\/\/agora.xtec.cat\/afa-ripolles\/el-centre\/organitzacio-interna\/\" title=\"Read Organitzaci\u00f3 interna\">Llegeix m\u00e9s\u00bb<\/a><br \/>\n","protected":false},"author":2,"featured_media":0,"parent":261,"menu_order":40,"comment_status":"closed","ping_status":"closed","template":"page-templates\/side-menu.php","meta":{"_bbp_topic_count":0,"_bbp_reply_count":0,"_bbp_total_topic_count":0,"_bbp_total_reply_count":0,"_bbp_voice_count":0,"_bbp_anonymous_reply_count":0,"_bbp_topic_count_hidden":0,"_bbp_reply_count_hidden":0,"_bbp_forum_subforum_count":0,"footnotes":""},"class_list":["post-265","page","type-page","status-publish","hentry"],"post_mailing_queue_ids":[],"_links":{"self":[{"href":"https:\/\/agora.xtec.cat\/afa-ripolles\/wp-json\/wp\/v2\/pages\/265","targetHints":{"allow":["GET"]}}],"collection":[{"href":"https:\/\/agora.xtec.cat\/afa-ripolles\/wp-json\/wp\/v2\/pages"}],"about":[{"href":"https:\/\/agora.xtec.cat\/afa-ripolles\/wp-json\/wp\/v2\/types\/page"}],"author":[{"embeddable":true,"href":"https:\/\/agora.xtec.cat\/afa-ripolles\/wp-json\/wp\/v2\/users\/2"}],"replies":[{"embeddable":true,"href":"https:\/\/agora.xtec.cat\/afa-ripolles\/wp-json\/wp\/v2\/comments?post=265"}],"version-history":[{"count":6,"href":"https:\/\/agora.xtec.cat\/afa-ripolles\/wp-json\/wp\/v2\/pages\/265\/revisions"}],"predecessor-version":[{"id":1780,"href":"https:\/\/agora.xtec.cat\/afa-ripolles\/wp-json\/wp\/v2\/pages\/265\/revisions\/1780"}],"up":[{"embeddable":true,"href":"https:\/\/agora.xtec.cat\/afa-ripolles\/wp-json\/wp\/v2\/pages\/261"}],"wp:attachment":[{"href":"https:\/\/agora.xtec.cat\/afa-ripolles\/wp-json\/wp\/v2\/media?parent=265"}],"curies":[{"name":"wp","href":"https:\/\/api.w.org\/{rel}","templated":true}]}}