{"id":1328,"date":"2022-04-22T08:29:55","date_gmt":"2022-04-22T06:29:55","guid":{"rendered":"https:\/\/agora.xtec.cat\/acad-cultura\/?page_id=1328"},"modified":"2022-05-06T09:57:31","modified_gmt":"2022-05-06T07:57:31","slug":"software","status":"publish","type":"page","link":"https:\/\/agora.xtec.cat\/acad-cultura\/software\/","title":{"rendered":"Software"},"content":{"rendered":"<p>Els professors de l&#8217;Acad\u00e8mia hem creat aquesta p\u00e0gina per penjar recursos inform\u00e0tics que us poden fer servei per la vostra formaci\u00f3 i tamb\u00e9 per mantenir actualitzar el vostre programari.<\/p>\n<p>Ja sabeu que a internet no tot dura eternament, si us trobeu un enlla\u00e7 que ja no funciona ens ho feu saber per treure&#8217;l o actualitzar-ho.<\/p>\n<p>ESPINEL: Us permet instal\u00b7lar tots els programes necessaris per windows. Molt \u00fatil quan l&#8217;ordinador s&#8217;ha formatat i heu d&#8217;instal\u00b7lar de nou tot.<\/p>\n<p><a href=\"https:\/\/www.softandapps.info\/2022\/02\/14\/spinel-instala-todos-los-programas-que-necesitas-de-una-sola-vez\/?utm_source=twitter&amp;utm_medium=bloguersnet\">https:\/\/www.softandapps.info\/2022\/02\/14\/spinel-instala-todos-los-programas-que-necesitas-de-una-sola-vez\/?utm_source=twitter&amp;utm_medium=bloguersnet<\/a><\/p>\n<p>Aqu\u00ed teniu una p\u00e0gina d&#8217;excel que cont\u00e9 diferents links a programes molt diversos:<\/p>\n<p><a href=\"https:\/\/agora.xtec.cat\/acad-cultura\/wp-content\/uploads\/usu2542\/2022\/05\/RECURSOS-INFORMA\u0300TICS1.xlsx\">RECURSOS_INFORMA\u0300TICS<\/a><\/p>\n<p>&nbsp;<\/p>\n<p>&nbsp;<\/p>\n","protected":false},"excerpt":{"rendered":"<p>Els professors de l&#8217;Acad\u00e8mia hem creat aquesta p\u00e0gina per penjar recursos inform\u00e0tics que us poden fer servei per la vostra formaci\u00f3 i tamb\u00e9 per mantenir actualitzar el vostre programari.<br \/>\nJa sabeu que a internet no tot dura eternament, si us trobeu un enlla\u00e7 que ja no&hellip;  <a href=\"https:\/\/agora.xtec.cat\/acad-cultura\/software\/\" title=\"Read Software\">Llegeix m\u00e9s\u00bb<\/a><\/p>\n","protected":false},"author":1,"featured_media":0,"parent":0,"menu_order":0,"comment_status":"closed","ping_status":"closed","template":"","meta":{"_bbp_topic_count":0,"_bbp_reply_count":0,"_bbp_total_topic_count":0,"_bbp_total_reply_count":0,"_bbp_voice_count":0,"_bbp_anonymous_reply_count":0,"_bbp_topic_count_hidden":0,"_bbp_reply_count_hidden":0,"_bbp_forum_subforum_count":0,"footnotes":""},"class_list":["post-1328","page","type-page","status-publish","hentry"],"post_mailing_queue_ids":[],"_links":{"self":[{"href":"https:\/\/agora.xtec.cat\/acad-cultura\/wp-json\/wp\/v2\/pages\/1328","targetHints":{"allow":["GET"]}}],"collection":[{"href":"https:\/\/agora.xtec.cat\/acad-cultura\/wp-json\/wp\/v2\/pages"}],"about":[{"href":"https:\/\/agora.xtec.cat\/acad-cultura\/wp-json\/wp\/v2\/types\/page"}],"author":[{"embeddable":true,"href":"https:\/\/agora.xtec.cat\/acad-cultura\/wp-json\/wp\/v2\/users\/1"}],"replies":[{"embeddable":true,"href":"https:\/\/agora.xtec.cat\/acad-cultura\/wp-json\/wp\/v2\/comments?post=1328"}],"version-history":[{"count":4,"href":"https:\/\/agora.xtec.cat\/acad-cultura\/wp-json\/wp\/v2\/pages\/1328\/revisions"}],"predecessor-version":[{"id":1345,"href":"https:\/\/agora.xtec.cat\/acad-cultura\/wp-json\/wp\/v2\/pages\/1328\/revisions\/1345"}],"wp:attachment":[{"href":"https:\/\/agora.xtec.cat\/acad-cultura\/wp-json\/wp\/v2\/media?parent=1328"}],"curies":[{"name":"wp","href":"https:\/\/api.w.org\/{rel}","templated":true}]}}